{"id":14653,"date":"2020-06-18T13:52:30","date_gmt":"2020-06-18T13:52:30","guid":{"rendered":"https:\/\/www.codemonkey.com\/?page_id=14653"},"modified":"2020-06-21T12:30:46","modified_gmt":"2020-06-21T12:30:46","slug":"microsoft-store","status":"publish","type":"page","link":"https:\/\/wps.codemonkey.com\/es\/microsoft-store\/","title":{"rendered":"Microsoft Store"},"content":{"rendered":"<div data-elementor-type=\"wp-post\" data-elementor-id=\"14653\" class=\"elementor elementor-14653\" data-elementor-post-type=\"page\">\n\t\t\t\t\t\t<section class=\"elementor-section elementor-top-section elementor-element elementor-element-c63bb00 elementor-section-content-bottom elementor-section-stretched elementor-section-full_width elementor-section-height-min-height elementor-section-items-stretch elementor-section-height-default\" data-id=\"c63bb00\" data-element_type=\"section\" data-settings=\"{&quot;background_background&quot;:&quot;classic&quot;,&quot;stretch_section&quot;:&quot;section-stretched&quot;,&quot;shape_divider_bottom&quot;:&quot;curve&quot;,&quot;shape_divider_bottom_negative&quot;:&quot;yes&quot;}\">\n\t\t\t\t\t\t\t<div class=\"elementor-background-overlay\"><\/div>\n\t\t\t\t\t\t<div class=\"elementor-shape elementor-shape-bottom\" aria-hidden=\"true\" data-negative=\"true\">\n\t\t\t<svg xmlns=\"http:\/\/www.w3.org\/2000\/svg\" viewbox=\"0 0 1000 100\" preserveaspectratio=\"none\">\n\t<path class=\"elementor-shape-fill\" d=\"M500,97C126.7,96.3,0.8,19.8,0,0v100l1000,0V1C1000,19.4,873.3,97.8,500,97z\"\/>\n<\/svg>\t\t<\/div>\n\t\t\t\t\t<div class=\"elementor-container elementor-column-gap-no\">\n\t\t\t\t\t<div class=\"elementor-column elementor-col-100 elementor-top-column elementor-element elementor-element-5457e9f\" data-id=\"5457e9f\" data-element_type=\"column\">\n\t\t\t<div class=\"elementor-widget-wrap elementor-element-populated\">\n\t\t\t\t\t\t<div class=\"elementor-element elementor-element-6f77c1f elementor-widget elementor-widget-heading\" data-id=\"6f77c1f\" data-element_type=\"widget\" data-widget_type=\"heading.default\">\n\t\t\t\t<div class=\"elementor-widget-container\">\n\t\t\t\t\t<h1 class=\"elementor-heading-title elementor-size-default\">CodeMonkey en Microsoft Store<\/h1>\t\t\t\t<\/div>\n\t\t\t\t<\/div>\n\t\t\t\t<div class=\"elementor-element elementor-element-290aa42 elementor-widget elementor-widget-text-editor\" data-id=\"290aa42\" data-element_type=\"widget\" data-widget_type=\"text-editor.default\">\n\t\t\t\t<div class=\"elementor-widget-container\">\n\t\t\t\t\t\t\t\t\t<p>la forma m\u00e1s f\u00e1cil de obtener la aplicaci\u00f3n l\u00edder en codificaci\u00f3n para ni\u00f1os, en Windows<\/p>\t\t\t\t\t\t\t\t<\/div>\n\t\t\t\t<\/div>\n\t\t\t\t<div class=\"elementor-element elementor-element-bc1be3b elementor-widget elementor-widget-image\" data-id=\"bc1be3b\" data-element_type=\"widget\" data-widget_type=\"image.default\">\n\t\t\t\t<div class=\"elementor-widget-container\">\n\t\t\t\t\t\t\t\t\t\t\t\t\t\t\t<img fetchpriority=\"high\" decoding=\"async\" width=\"379\" height=\"357\" src=\"https:\/\/d3sujgifhk94se.cloudfront.net\/wp-content\/uploads\/2020\/06\/18153302\/top_img.png\" class=\"attachment-full size-full wp-image-14655\" alt=\"codificaci\u00f3n de microsoft store para ni\u00f1os\" srcset=\"https:\/\/d3sujgifhk94se.cloudfront.net\/wp-content\/uploads\/2020\/06\/18153302\/top_img.png 379w, https:\/\/d3sujgifhk94se.cloudfront.net\/wp-content\/uploads\/2020\/06\/18153302\/top_img-300x283.png 300w\" sizes=\"100vw\" \/>\t\t\t\t\t\t\t\t\t\t\t\t\t\t\t<\/div>\n\t\t\t\t<\/div>\n\t\t\t\t\t<\/div>\n\t\t<\/div>\n\t\t\t\t\t<\/div>\n\t\t<\/section>\n\t\t\t\t<section class=\"elementor-section elementor-top-section elementor-element elementor-element-146ee56 elementor-section-stretched elementor-reverse-mobile elementor-section-boxed elementor-section-height-default elementor-section-height-default\" data-id=\"146ee56\" data-element_type=\"section\" data-settings=\"{&quot;stretch_section&quot;:&quot;section-stretched&quot;,&quot;background_background&quot;:&quot;classic&quot;}\">\n\t\t\t\t\t\t<div class=\"elementor-container elementor-column-gap-default\">\n\t\t\t\t\t<div class=\"elementor-column elementor-col-50 elementor-top-column elementor-element elementor-element-d380db4\" data-id=\"d380db4\" data-element_type=\"column\">\n\t\t\t<div class=\"elementor-widget-wrap elementor-element-populated\">\n\t\t\t\t\t\t<div class=\"elementor-element elementor-element-11e161a elementor-widget elementor-widget-image\" data-id=\"11e161a\" data-element_type=\"widget\" data-widget_type=\"image.default\">\n\t\t\t\t<div class=\"elementor-widget-container\">\n\t\t\t\t\t\t\t\t\t\t\t\t\t\t\t<img decoding=\"async\" width=\"525\" height=\"328\" src=\"https:\/\/d3sujgifhk94se.cloudfront.net\/wp-content\/uploads\/2020\/06\/21080442\/windows_store.jpg\" class=\"attachment-large size-large wp-image-14662\" alt=\"listado de la tienda de windows codemonkey\" srcset=\"https:\/\/d3sujgifhk94se.cloudfront.net\/wp-content\/uploads\/2020\/06\/21080442\/windows_store.jpg 808w, https:\/\/d3sujgifhk94se.cloudfront.net\/wp-content\/uploads\/2020\/06\/21080442\/windows_store-300x188.jpg 300w, https:\/\/d3sujgifhk94se.cloudfront.net\/wp-content\/uploads\/2020\/06\/21080442\/windows_store-768x480.jpg 768w\" sizes=\"100vw\" \/>\t\t\t\t\t\t\t\t\t\t\t\t\t\t\t<\/div>\n\t\t\t\t<\/div>\n\t\t\t\t\t<\/div>\n\t\t<\/div>\n\t\t\t\t<section class=\"elementor-column elementor-col-50 elementor-top-column elementor-element elementor-element-d440a02\" data-id=\"d440a02\" data-element_type=\"column\">\n\t\t\t<div class=\"elementor-widget-wrap elementor-element-populated\">\n\t\t\t\t\t\t<div class=\"elementor-element elementor-element-184ee9b elementor-widget elementor-widget-heading\" data-id=\"184ee9b\" data-element_type=\"widget\" data-widget_type=\"heading.default\">\n\t\t\t\t<div class=\"elementor-widget-container\">\n\t\t\t\t\t<h2 class=\"elementor-heading-title elementor-size-default\">\u00bfDe qu\u00e9 se trata?<\/h2>\t\t\t\t<\/div>\n\t\t\t\t<\/div>\n\t\t\t\t<div class=\"elementor-element elementor-element-de28662 elementor-widget elementor-widget-heading\" data-id=\"de28662\" data-element_type=\"widget\" data-widget_type=\"heading.default\">\n\t\t\t\t<div class=\"elementor-widget-container\">\n\t\t\t\t\t<span class=\"elementor-heading-title elementor-size-default\">Es solo una posibilidad m\u00e1s para que los usuarios de Windows puedan obtener CodeMonkey directamente desde Microsoft Store. Simplemente se necesita entrar a Microsoft Store y buscar: Codemonkey. Se encuentra en la categor\u00eda Educaci\u00f3n&gt; Herramientas did\u00e1cticas. O puede hacer clic en el bot\u00f3n de abajo e ir directamente a la lista de Codemonkey.\n<\/span>\t\t\t\t<\/div>\n\t\t\t\t<\/div>\n\t\t\t\t<div class=\"elementor-element elementor-element-2d3b1f3 elementor-widget elementor-widget-image\" data-id=\"2d3b1f3\" data-element_type=\"widget\" data-widget_type=\"image.default\">\n\t\t\t\t<div class=\"elementor-widget-container\">\n\t\t\t\t\t\t\t\t\t\t\t\t\t\t\t\t<a href=\"https:\/\/www.microsoft.com\/en-us\/p\/codemonkey\/9nj6xdlhcn7f\" target=\"_blank\">\n\t\t\t\t\t\t\t<img decoding=\"async\" width=\"250\" height=\"83\" src=\"https:\/\/d3sujgifhk94se.cloudfront.net\/wp-content\/uploads\/2020\/06\/21081409\/ms_store_button2.png\" class=\"elementor-animation-buzz-out attachment-full size-full wp-image-14665\" alt=\"\" sizes=\"100vw\" \/>\t\t\t\t\t\t\t\t<\/a>\n\t\t\t\t\t\t\t\t\t\t\t\t\t\t\t<\/div>\n\t\t\t\t<\/div>\n\t\t\t\t\t<\/div>\n\t\t<\/section>\n\t\t\t\t\t<\/div>\n\t\t<\/section>\n\t\t\t\t<\/div>","protected":false},"excerpt":{"rendered":"<p>CodeMonkey on Microsoft Store the easy way to get the leading coding for kids app on Windows What does it mean? It is just another &hellip; <\/p>\n<p class=\"link-more\"><a href=\"https:\/\/wps.codemonkey.com\/es\/microsoft-store\/\" class=\"more-link\">Continue reading<span class=\"screen-reader-text\"> &#8220;Microsoft Store&#8221;<\/span><\/a><\/p>","protected":false},"author":55,"featured_media":0,"parent":0,"menu_order":0,"comment_status":"closed","ping_status":"closed","template":"","meta":{"footnotes":""},"class_list":["post-14653","page","type-page","status-publish","hentry"],"_links":{"self":[{"href":"https:\/\/wps.codemonkey.com\/es\/wp-json\/wp\/v2\/pages\/14653","targetHints":{"allow":["GET"]}}],"collection":[{"href":"https:\/\/wps.codemonkey.com\/es\/wp-json\/wp\/v2\/pages"}],"about":[{"href":"https:\/\/wps.codemonkey.com\/es\/wp-json\/wp\/v2\/types\/page"}],"author":[{"embeddable":true,"href":"https:\/\/wps.codemonkey.com\/es\/wp-json\/wp\/v2\/users\/55"}],"replies":[{"embeddable":true,"href":"https:\/\/wps.codemonkey.com\/es\/wp-json\/wp\/v2\/comments?post=14653"}],"version-history":[{"count":10,"href":"https:\/\/wps.codemonkey.com\/es\/wp-json\/wp\/v2\/pages\/14653\/revisions"}],"predecessor-version":[{"id":14674,"href":"https:\/\/wps.codemonkey.com\/es\/wp-json\/wp\/v2\/pages\/14653\/revisions\/14674"}],"wp:attachment":[{"href":"https:\/\/wps.codemonkey.com\/es\/wp-json\/wp\/v2\/media?parent=14653"}],"curies":[{"name":"wp","href":"https:\/\/api.w.org\/{rel}","templated":true}]}}