{"id":21169,"date":"2023-02-20T12:55:04","date_gmt":"2023-02-20T12:55:04","guid":{"rendered":"https:\/\/www.codemonkey.com\/?page_id=21169"},"modified":"2024-09-24T15:01:39","modified_gmt":"2024-09-24T15:01:39","slug":"case-study-worcester-public-schools","status":"publish","type":"page","link":"https:\/\/wps.codemonkey.com\/es\/case-studies\/case-study-worcester-public-schools\/","title":{"rendered":"Case Study &#8211; Worcester Public Schools"},"content":{"rendered":"<div data-elementor-type=\"wp-post\" data-elementor-id=\"21169\" class=\"elementor elementor-21169\" data-elementor-post-type=\"page\">\n\t\t\t\t\t\t<section class=\"elementor-section elementor-top-section elementor-element elementor-element-714de6f elementor-section-content-bottom elementor-section-boxed elementor-section-height-default elementor-section-height-default\" data-id=\"714de6f\" data-element_type=\"section\" data-settings=\"{&quot;background_background&quot;:&quot;classic&quot;,&quot;shape_divider_bottom&quot;:&quot;curve&quot;,&quot;shape_divider_bottom_negative&quot;:&quot;yes&quot;}\">\n\t\t\t\t\t\t\t<div class=\"elementor-background-overlay\"><\/div>\n\t\t\t\t\t\t<div class=\"elementor-shape elementor-shape-bottom\" aria-hidden=\"true\" data-negative=\"true\">\n\t\t\t<svg xmlns=\"http:\/\/www.w3.org\/2000\/svg\" viewbox=\"0 0 1000 100\" preserveaspectratio=\"none\">\n\t<path class=\"elementor-shape-fill\" d=\"M500,97C126.7,96.3,0.8,19.8,0,0v100l1000,0V1C1000,19.4,873.3,97.8,500,97z\"\/>\n<\/svg>\t\t<\/div>\n\t\t\t\t\t<div class=\"elementor-container elementor-column-gap-no\">\n\t\t\t\t\t<div class=\"elementor-column elementor-col-100 elementor-top-column elementor-element elementor-element-def800a\" data-id=\"def800a\" data-element_type=\"column\">\n\t\t\t<div class=\"elementor-widget-wrap elementor-element-populated\">\n\t\t\t\t\t\t<div class=\"elementor-element elementor-element-247a80f elementor-widget elementor-widget-heading\" data-id=\"247a80f\" data-element_type=\"widget\" data-widget_type=\"heading.default\">\n\t\t\t\t<div class=\"elementor-widget-container\">\n\t\t\t\t\t<h1 class=\"elementor-heading-title elementor-size-default\">CodeMonkey<br>Case Study:<\/h1>\t\t\t\t<\/div>\n\t\t\t\t<\/div>\n\t\t\t\t<div class=\"elementor-element elementor-element-7655348 elementor-widget elementor-widget-text-editor\" data-id=\"7655348\" data-element_type=\"widget\" data-widget_type=\"text-editor.default\">\n\t\t\t\t<div class=\"elementor-widget-container\">\n\t\t\t\t\t\t\t\t\t<p>Escuelas p\u00fablicas de Worcester<\/p>\t\t\t\t\t\t\t\t<\/div>\n\t\t\t\t<\/div>\n\t\t\t\t\t<\/div>\n\t\t<\/div>\n\t\t\t\t\t<\/div>\n\t\t<\/section>\n\t\t\t\t<section class=\"elementor-section elementor-top-section elementor-element elementor-element-e78def4 elementor-section-content-middle elementor-section-stretched elementor-section-boxed elementor-section-height-default elementor-section-height-default\" data-id=\"e78def4\" data-element_type=\"section\" data-settings=\"{&quot;stretch_section&quot;:&quot;section-stretched&quot;,&quot;background_background&quot;:&quot;classic&quot;}\">\n\t\t\t\t\t\t<div class=\"elementor-container elementor-column-gap-no\">\n\t\t\t\t\t<div class=\"elementor-column elementor-col-100 elementor-top-column elementor-element elementor-element-47ed31d\" data-id=\"47ed31d\" data-element_type=\"column\">\n\t\t\t<div class=\"elementor-widget-wrap elementor-element-populated\">\n\t\t\t\t\t\t<div class=\"elementor-element elementor-element-11b0359 elementor-widget elementor-widget-heading\" data-id=\"11b0359\" data-element_type=\"widget\" data-widget_type=\"heading.default\">\n\t\t\t\t<div class=\"elementor-widget-container\">\n\t\t\t\t\t<h2 class=\"elementor-heading-title elementor-size-default\">Presentamos CodeMonkey para abordar las deficiencias en el plan de estudios de tecnolog\u00eda de la escuela primaria de WPS<\/h2>\t\t\t\t<\/div>\n\t\t\t\t<\/div>\n\t\t\t\t<div class=\"elementor-element elementor-element-0a73ee3 elementor-widget elementor-widget-text-editor\" data-id=\"0a73ee3\" data-element_type=\"widget\" data-widget_type=\"text-editor.default\">\n\t\t\t\t<div class=\"elementor-widget-container\">\n\t\t\t\t\t\t\t\t\t<p><em>Worcester Public Schools | Worcester, Ma<br \/><br \/><\/em><\/p><p>Worcester Public Schools (WPS) is a district of 35 elementary schools serving students in grades K-5. In response to a teacher\/department head request, the district introduced a coding program for grades 2-3 as part of their elementary technology special course. CodeMonkey was selected as the solution to fill a gap in the development of their K-5 technology course curriculum.<\/p><p>WPS understands that children who code from the beginning of their elementary school education achieved better academic performance throughout their education. When compared to children who don\u2019t engage in coding-related learning, a higher percentage of children who start coding early gain interest in STEM, both in college and professionally. Implementing a Coding platform like CodeMonkey in WPS was paramount.<\/p><p>In today&#8217;s digital age, where technology is pervasive in every aspect of our lives, it is becoming increasingly essential for students to have exposure to computer science and coding from an early age. WPS\u2019s elementary courses are including coding and computer science to help prepare students for future career paths and provide them with essential skills that are relevant in many industries.<\/p>\t\t\t\t\t\t\t\t<\/div>\n\t\t\t\t<\/div>\n\t\t\t\t<div class=\"elementor-element elementor-element-7b115af elementor-widget elementor-widget-testimonial\" data-id=\"7b115af\" data-element_type=\"widget\" data-widget_type=\"testimonial.default\">\n\t\t\t\t<div class=\"elementor-widget-container\">\n\t\t\t\t\t\t\t<div class=\"elementor-testimonial-wrapper\">\n\t\t\t\n\t\t\t\t\t\t<div class=\"elementor-testimonial-meta elementor-has-image elementor-testimonial-image-position-top\">\n\t\t\t\t<div class=\"elementor-testimonial-meta-inner\">\n\t\t\t\t\t\t\t\t\t\t\t<div class=\"elementor-testimonial-image\">\n\t\t\t\t\t\t\t<img fetchpriority=\"high\" decoding=\"async\" width=\"300\" height=\"300\" src=\"https:\/\/d3sujgifhk94se.cloudfront.net\/wp-content\/uploads\/2023\/02\/21133826\/square.jpg\" class=\"attachment-full size-full wp-image-21350\" alt=\"Estudio de caso sobre la codificaci\u00f3n en las escuelas\" srcset=\"https:\/\/d3sujgifhk94se.cloudfront.net\/wp-content\/uploads\/2023\/02\/21133826\/square.jpg 300w, https:\/\/d3sujgifhk94se.cloudfront.net\/wp-content\/uploads\/2023\/02\/21133826\/square-150x150.jpg 150w, https:\/\/d3sujgifhk94se.cloudfront.net\/wp-content\/uploads\/2023\/02\/21133826\/square-12x12.jpg 12w, https:\/\/d3sujgifhk94se.cloudfront.net\/wp-content\/uploads\/2023\/02\/21133826\/square-100x100.jpg 100w\" sizes=\"(max-width: 300px) 100vw, 300px\" \/>\t\t\t\t\t\t<\/div>\n\t\t\t\t\t\n\t\t\t\t\t\t\t\t\t<\/div>\n\t\t\t<\/div>\n\t\t\t\t\t<\/div>\n\t\t\t\t\t\t<\/div>\n\t\t\t\t<\/div>\n\t\t\t\t<div class=\"elementor-element elementor-element-ae34d1c elementor-blockquote--skin-quotation elementor-blockquote--align-center elementor-widget elementor-widget-blockquote\" data-id=\"ae34d1c\" data-element_type=\"widget\" data-widget_type=\"blockquote.default\">\n\t\t\t\t<div class=\"elementor-widget-container\">\n\t\t\t\t\t\t\t<blockquote class=\"elementor-blockquote\">\n\t\t\t<p class=\"elementor-blockquote__content\">\n\t\t\t\tThe students and teachers at WPS were giving positive feedback that led to the decision to implement more courses in their K-5 technology course curriculum.\t\t\t<\/p>\n\t\t\t\t\t\t\t<div class=\"e-q-footer\">\n\t\t\t\t\t\t\t\t\t\t\t<cite class=\"elementor-blockquote__author\">Worcester Public Schools Staff<\/cite>\n\t\t\t\t\t\t\t\t\t\t\t\t\t\t<\/div>\n\t\t\t\t\t<\/blockquote>\n\t\t\t\t\t\t<\/div>\n\t\t\t\t<\/div>\n\t\t\t\t<div class=\"elementor-element elementor-element-592c33f elementor-widget elementor-widget-heading\" data-id=\"592c33f\" data-element_type=\"widget\" data-widget_type=\"heading.default\">\n\t\t\t\t<div class=\"elementor-widget-container\">\n\t\t\t\t\t<h2 class=\"elementor-heading-title elementor-size-default\">Finding the right computer science curriculum<\/h2>\t\t\t\t<\/div>\n\t\t\t\t<\/div>\n\t\t\t\t<div class=\"elementor-element elementor-element-0db14d3 elementor-widget elementor-widget-text-editor\" data-id=\"0db14d3\" data-element_type=\"widget\" data-widget_type=\"text-editor.default\">\n\t\t\t\t<div class=\"elementor-widget-container\">\n\t\t\t\t\t\t\t\t\t<p>One of the challenges faced by WPS in introducing coding into the curriculum was finding appropriate resources for students in grades 2-3. While they had hands-on, unplugged materials for K\/1 and an established coding program in place for grades 4\/5, there was a need for additional materials to support students in the middle grades.<\/p><p>It is insurmountably important to WPS\u2019s staff and teachers that students develop problem-solving and critical-thinking skills. As students learn how to write code, they are challenged to think logically and systematically. They learn to break problems down into smaller, more manageable pieces and to think creatively about how to solve them. These skills are essential in many areas of life, from schoolwork to future careers.<\/p><p>Another advantage of introducing coding and other computer science classes in WPS\u2019s elementary schools is that it helps to diversify the tech industry. Teaching coding to students of all backgrounds and genders can help to level the playing field and create a more diverse and inclusive industry in the future. School programs like CodeMonkey are helping the future growth of women in STEM for example. Once a male-dominated industry, women programmers are on the rise. WPS wants to help diversify the tech industry and taking the steps to make this happen.<\/p>\t\t\t\t\t\t\t\t<\/div>\n\t\t\t\t<\/div>\n\t\t\t\t<div class=\"elementor-element elementor-element-7d08bdc elementor-widget elementor-widget-heading\" data-id=\"7d08bdc\" data-element_type=\"widget\" data-widget_type=\"heading.default\">\n\t\t\t\t<div class=\"elementor-widget-container\">\n\t\t\t\t\t<h2 class=\"elementor-heading-title elementor-size-default\">Why WPS chose CodeMonkey<\/h2>\t\t\t\t<\/div>\n\t\t\t\t<\/div>\n\t\t\t\t<div class=\"elementor-element elementor-element-ff48423 elementor-widget elementor-widget-text-editor\" data-id=\"ff48423\" data-element_type=\"widget\" data-widget_type=\"text-editor.default\">\n\t\t\t\t<div class=\"elementor-widget-container\">\n\t\t\t\t\t\t\t\t\t<p>CodeMonkey was selected as the solution to address the gap in WPS&#8217;s technology curriculum. The program was well-received by teachers and students due to its ease of use and accessibility. CodeMonkey&#8217;s gamified approach to learning coding was engaging for students, while its user-friendly platform made it easy for teachers to implement in their classrooms.<\/p><p>It was apparent from some of the previous grades that already tried CodeMonkey, that coding can be fun and engaging for their young students. CodeMonkey has gamified courses, with colorful graphics and interactive challenges that make learning to code more like playing a game. By making coding fun and engaging, students are more likely to be motivated to continue learning and developing their skills. The students and teachers at WPS were giving positive feedback that led to the decision to implement more courses in their K-5 technology course curriculum.<\/p>\t\t\t\t\t\t\t\t<\/div>\n\t\t\t\t<\/div>\n\t\t\t\t<div class=\"elementor-element elementor-element-4548e0b elementor-widget elementor-widget-heading\" data-id=\"4548e0b\" data-element_type=\"widget\" data-widget_type=\"heading.default\">\n\t\t\t\t<div class=\"elementor-widget-container\">\n\t\t\t\t\t<h2 class=\"elementor-heading-title elementor-size-default\">The importance of WPS pushing for more coding classes<\/h2>\t\t\t\t<\/div>\n\t\t\t\t<\/div>\n\t\t\t\t<div class=\"elementor-element elementor-element-dc0b6ab elementor-widget elementor-widget-text-editor\" data-id=\"dc0b6ab\" data-element_type=\"widget\" data-widget_type=\"text-editor.default\">\n\t\t\t\t<div class=\"elementor-widget-container\">\n\t\t\t\t\t\t\t\t\t<p>The introduction of CodeMonkey to WPS&#8217;s technology curriculum has had such a positive impact on both students and teachers. Students have developed new coding skills and enjoyed the interactive, game-based approach to learning. Teachers have found the program to be user-friendly and so easy to implement, which has helped to support their own professional development in teaching coding. Overall, the adoption of CodeMonkey has helped to enhance the district&#8217;s technology curriculum and better prepare students for success in the digital age.<\/p><p>The forward-thinking department heads at WPS believe that the early elementary years are the best age for a child to be introduced to coding. At this time, kids will use the ideal cognitive stage of development to sow seeds for more complex knowledge as they age and grow. The best of the best in coding often started taking an interest and learning to code around age 5 or 6. When children are taught logical-thinking skills and adopt a problem-solving mindset, they will comprehend more complex concepts of coding later in life. Much like a child who learns a language early and does not retain the language, even those children who do not maintain an interest in coding as they age will benefit from the understanding of basic technology concepts that will enhance other learning and be invaluable to their future success.<\/p><p>Introducing coding in the elementary technology curriculum of Wilmington Public Schools is crucial for preparing students for some of the most in-demand and high-paying jobs of the future. By providing access to the world of coding at an early age, WPS better prepares its students for future success!<\/p>\t\t\t\t\t\t\t\t<\/div>\n\t\t\t\t<\/div>\n\t\t\t\t<div class=\"elementor-element elementor-element-545396c elementor-widget elementor-widget-text-editor\" data-id=\"545396c\" data-element_type=\"widget\" data-widget_type=\"text-editor.default\">\n\t\t\t\t<div class=\"elementor-widget-container\">\n\t\t\t\t\t\t\t\t\t<p><a href=\"https:\/\/www.codemonkey.com\/case-studies\/\" target=\"_blank\" rel=\"noopener\">&lt; See All Case Studies<\/a><\/p>\t\t\t\t\t\t\t\t<\/div>\n\t\t\t\t<\/div>\n\t\t\t\t\t<\/div>\n\t\t<\/div>\n\t\t\t\t\t<\/div>\n\t\t<\/section>\n\t\t\t\t<section class=\"elementor-section elementor-top-section elementor-element elementor-element-feea54f elementor-section-content-middle elementor-section-boxed elementor-section-height-default elementor-section-height-default\" data-id=\"feea54f\" data-element_type=\"section\" data-settings=\"{&quot;background_background&quot;:&quot;classic&quot;,&quot;shape_divider_top_negative&quot;:&quot;yes&quot;,&quot;shape_divider_bottom_negative&quot;:&quot;yes&quot;,&quot;shape_divider_top&quot;:&quot;curve&quot;,&quot;shape_divider_bottom&quot;:&quot;curve&quot;}\">\n\t\t\t\t\t<div class=\"elementor-shape elementor-shape-top\" aria-hidden=\"true\" data-negative=\"true\">\n\t\t\t<svg xmlns=\"http:\/\/www.w3.org\/2000\/svg\" viewbox=\"0 0 1000 100\" preserveaspectratio=\"none\">\n\t<path class=\"elementor-shape-fill\" d=\"M500,97C126.7,96.3,0.8,19.8,0,0v100l1000,0V1C1000,19.4,873.3,97.8,500,97z\"\/>\n<\/svg>\t\t<\/div>\n\t\t\t\t<div class=\"elementor-shape elementor-shape-bottom\" aria-hidden=\"true\" data-negative=\"true\">\n\t\t\t<svg xmlns=\"http:\/\/www.w3.org\/2000\/svg\" viewbox=\"0 0 1000 100\" preserveaspectratio=\"none\">\n\t<path class=\"elementor-shape-fill\" d=\"M500,97C126.7,96.3,0.8,19.8,0,0v100l1000,0V1C1000,19.4,873.3,97.8,500,97z\"\/>\n<\/svg>\t\t<\/div>\n\t\t\t\t\t<div class=\"elementor-container elementor-column-gap-default\">\n\t\t\t\t\t<div class=\"elementor-column elementor-col-66 elementor-top-column elementor-element elementor-element-9d18d10\" data-id=\"9d18d10\" data-element_type=\"column\" data-settings=\"{&quot;background_background&quot;:&quot;classic&quot;}\">\n\t\t\t<div class=\"elementor-widget-wrap elementor-element-populated\">\n\t\t\t\t\t\t<div class=\"elementor-element elementor-element-28e13e3 elementor-widget elementor-widget-heading\" data-id=\"28e13e3\" data-element_type=\"widget\" data-widget_type=\"heading.default\">\n\t\t\t\t<div class=\"elementor-widget-container\">\n\t\t\t\t\t<h2 class=\"elementor-heading-title elementor-size-default\">\u00bfTienes alguna experiencia para compartir?<\/h2>\t\t\t\t<\/div>\n\t\t\t\t<\/div>\n\t\t\t\t<div class=\"elementor-element elementor-element-432bb4d elementor-widget elementor-widget-text-editor\" data-id=\"432bb4d\" data-element_type=\"widget\" data-widget_type=\"text-editor.default\">\n\t\t\t\t<div class=\"elementor-widget-container\">\n\t\t\t\t\t\t\t\t\t<p>En CodeMonkey nos gustar\u00eda conocer tu historia y c\u00f3mo la programaci\u00f3n en general, y CodeMonkey en particular, ayudaron a tu organizaci\u00f3n en su conjunto. Nos encantar\u00eda conocer la experiencia de estudiantes, profesores y directivos de escuelas o distritos.&nbsp;<\/p><p><\/p><p>Nos gustar\u00eda compartir estas historias con otras personas para que se sientan inspiradas a llevar el don de la programaci\u00f3n a sus organizaciones. Nos gustar\u00eda demostrar que tanto las organizaciones grandes como las peque\u00f1as tienen su propia historia. \u00a1Hay muchas maneras de educar a las generaciones m\u00e1s j\u00f3venes!<\/p>\t\t\t\t\t\t\t\t<\/div>\n\t\t\t\t<\/div>\n\t\t\t\t\t<\/div>\n\t\t<\/div>\n\t\t\t\t<div class=\"elementor-column elementor-col-33 elementor-top-column elementor-element elementor-element-e5f7c76\" data-id=\"e5f7c76\" data-element_type=\"column\" data-settings=\"{&quot;background_background&quot;:&quot;classic&quot;}\">\n\t\t\t<div class=\"elementor-widget-wrap elementor-element-populated\">\n\t\t\t\t\t\t<div class=\"elementor-element elementor-element-4f4e057 elementor-widget elementor-widget-image\" data-id=\"4f4e057\" data-element_type=\"widget\" data-widget_type=\"image.default\">\n\t\t\t\t<div class=\"elementor-widget-container\">\n\t\t\t\t\t\t\t\t\t\t\t\t\t\t\t<img decoding=\"async\" width=\"525\" height=\"500\" src=\"https:\/\/d3sujgifhk94se.cloudfront.net\/wp-content\/uploads\/2023\/02\/21121134\/monkey_17.png\" class=\"attachment-large size-large wp-image-21310\" alt=\"\" srcset=\"https:\/\/d3sujgifhk94se.cloudfront.net\/wp-content\/uploads\/2023\/02\/21121134\/monkey_17.png 654w, https:\/\/d3sujgifhk94se.cloudfront.net\/wp-content\/uploads\/2023\/02\/21121134\/monkey_17-300x286.png 300w, https:\/\/d3sujgifhk94se.cloudfront.net\/wp-content\/uploads\/2023\/02\/21121134\/monkey_17-13x12.png 13w\" sizes=\"100vw\" \/>\t\t\t\t\t\t\t\t\t\t\t\t\t\t\t<\/div>\n\t\t\t\t<\/div>\n\t\t\t\t<div class=\"elementor-element elementor-element-dd0ef11 elementor-align-center elementor-widget elementor-widget-button\" data-id=\"dd0ef11\" data-element_type=\"widget\" data-widget_type=\"button.default\">\n\t\t\t\t<div class=\"elementor-widget-container\">\n\t\t\t\t\t\t\t\t\t<div class=\"elementor-button-wrapper\">\n\t\t\t\t\t<a class=\"elementor-button elementor-button-link elementor-size-sm elementor-animation-grow\" href=\"https:\/\/docs.google.com\/forms\/d\/e\/1FAIpQLScILg7YWZBzYvoG_LlTWm6IsqByHNiAAYCgWn3kkq7SAns3NA\/viewform?vc=0&#038;c=0&#038;w=1&#038;flr=0\" target=\"_blank\">\n\t\t\t\t\t\t<span class=\"elementor-button-content-wrapper\">\n\t\t\t\t\t\t\t\t\t<span class=\"elementor-button-text\">Cu\u00e9ntanos tu historia<\/span>\n\t\t\t\t\t<\/span>\n\t\t\t\t\t<\/a>\n\t\t\t\t<\/div>\n\t\t\t\t\t\t\t\t<\/div>\n\t\t\t\t<\/div>\n\t\t\t\t\t<\/div>\n\t\t<\/div>\n\t\t\t\t\t<\/div>\n\t\t<\/section>\n\t\t\t\t<section class=\"elementor-section elementor-inner-section elementor-element elementor-element-ccc5808 elementor-section-content-middle elementor-section-boxed elementor-section-height-default elementor-section-height-default\" data-id=\"ccc5808\" data-element_type=\"section\" data-settings=\"{&quot;background_background&quot;:&quot;classic&quot;}\">\n\t\t\t\t\t\t<div class=\"elementor-container elementor-column-gap-no\">\n\t\t\t\t\t<div class=\"elementor-column elementor-col-100 elementor-inner-column elementor-element elementor-element-efd11ee\" data-id=\"efd11ee\" data-element_type=\"column\">\n\t\t\t<div class=\"elementor-widget-wrap elementor-element-populated\">\n\t\t\t\t\t\t<div class=\"elementor-element elementor-element-d289713 elementor-headline--style-highlight elementor-widget elementor-widget-animated-headline\" data-id=\"d289713\" data-element_type=\"widget\" data-settings=\"{&quot;marker&quot;:&quot;underline&quot;,&quot;highlighted_text&quot;:&quot;Free Trial&quot;,&quot;headline_style&quot;:&quot;highlight&quot;,&quot;loop&quot;:&quot;yes&quot;,&quot;highlight_animation_duration&quot;:1200,&quot;highlight_iteration_delay&quot;:8000}\" data-widget_type=\"animated-headline.default\">\n\t\t\t\t<div class=\"elementor-widget-container\">\n\t\t\t\t\t\t\t<h3 class=\"elementor-headline\">\n\t\t\t\t<span class=\"elementor-headline-dynamic-wrapper elementor-headline-text-wrapper\">\n\t\t\t\t\t<span class=\"elementor-headline-dynamic-text elementor-headline-text-active\">Prueba gratis<\/span>\n\t\t\t\t<\/span>\n\t\t\t\t<\/h3>\n\t\t\t\t\t\t<\/div>\n\t\t\t\t<\/div>\n\t\t\t\t<div class=\"elementor-element elementor-element-6366230 elementor-widget elementor-widget-text-editor\" data-id=\"6366230\" data-element_type=\"widget\" data-widget_type=\"text-editor.default\">\n\t\t\t\t<div class=\"elementor-widget-container\">\n\t\t\t\t\t\t\t\t\t<p>CodeMonkey ofrece recursos educativos adecuados para diferentes grados y niveles de experiencia.<\/p>\t\t\t\t\t\t\t\t<\/div>\n\t\t\t\t<\/div>\n\t\t\t\t<div class=\"elementor-element elementor-element-e0c6030 elementor-align-center elementor-widget elementor-widget-button\" data-id=\"e0c6030\" data-element_type=\"widget\" data-widget_type=\"button.default\">\n\t\t\t\t<div class=\"elementor-widget-container\">\n\t\t\t\t\t\t\t\t\t<div class=\"elementor-button-wrapper\">\n\t\t\t\t\t<a class=\"elementor-button elementor-button-link elementor-size-sm elementor-animation-grow\" href=\"https:\/\/app.codemonkey.com\/users\/sign_up?grownup=true\" target=\"_blank\">\n\t\t\t\t\t\t<span class=\"elementor-button-content-wrapper\">\n\t\t\t\t\t\t\t\t\t<span class=\"elementor-button-text\">\u00a1EMPIEZA HOY!<\/span>\n\t\t\t\t\t<\/span>\n\t\t\t\t\t<\/a>\n\t\t\t\t<\/div>\n\t\t\t\t\t\t\t\t<\/div>\n\t\t\t\t<\/div>\n\t\t\t\t\t<\/div>\n\t\t<\/div>\n\t\t\t\t\t<\/div>\n\t\t<\/section>\n\t\t\t\t<\/div>","protected":false},"excerpt":{"rendered":"<p>CodeMonkeyCase Study: Worcester Public Schools Introducing CodeMonkey to Address Gaps in WPS\u2019s Elementary School Technology Curriculum Worcester Public Schools | Worcester, Ma Worcester Public Schools &hellip; <\/p>\n<p class=\"link-more\"><a href=\"https:\/\/wps.codemonkey.com\/es\/case-studies\/case-study-worcester-public-schools\/\" class=\"more-link\">Continue reading<span class=\"screen-reader-text\"> &#8220;Case Study &#8211; Worcester Public Schools&#8221;<\/span><\/a><\/p>","protected":false},"author":69,"featured_media":0,"parent":21071,"menu_order":0,"comment_status":"closed","ping_status":"closed","template":"elementor_header_footer","meta":{"footnotes":""},"class_list":["post-21169","page","type-page","status-publish","hentry"],"_links":{"self":[{"href":"https:\/\/wps.codemonkey.com\/es\/wp-json\/wp\/v2\/pages\/21169","targetHints":{"allow":["GET"]}}],"collection":[{"href":"https:\/\/wps.codemonkey.com\/es\/wp-json\/wp\/v2\/pages"}],"about":[{"href":"https:\/\/wps.codemonkey.com\/es\/wp-json\/wp\/v2\/types\/page"}],"author":[{"embeddable":true,"href":"https:\/\/wps.codemonkey.com\/es\/wp-json\/wp\/v2\/users\/69"}],"replies":[{"embeddable":true,"href":"https:\/\/wps.codemonkey.com\/es\/wp-json\/wp\/v2\/comments?post=21169"}],"version-history":[{"count":118,"href":"https:\/\/wps.codemonkey.com\/es\/wp-json\/wp\/v2\/pages\/21169\/revisions"}],"predecessor-version":[{"id":22309,"href":"https:\/\/wps.codemonkey.com\/es\/wp-json\/wp\/v2\/pages\/21169\/revisions\/22309"}],"up":[{"embeddable":true,"href":"https:\/\/wps.codemonkey.com\/es\/wp-json\/wp\/v2\/pages\/21071"}],"wp:attachment":[{"href":"https:\/\/wps.codemonkey.com\/es\/wp-json\/wp\/v2\/media?parent=21169"}],"curies":[{"name":"wp","href":"https:\/\/api.w.org\/{rel}","templated":true}]}}