{"id":21582,"date":"2023-02-26T09:48:09","date_gmt":"2023-02-26T09:48:09","guid":{"rendered":"https:\/\/www.codemonkey.com\/?page_id=21582"},"modified":"2024-09-24T14:53:38","modified_gmt":"2024-09-24T14:53:38","slug":"case-study-israeli-coding-olympics","status":"publish","type":"page","link":"https:\/\/wps.codemonkey.com\/es\/case-studies\/case-study-israeli-coding-olympics\/","title":{"rendered":"Case Study &#8211; Israeli Coding Olympics"},"content":{"rendered":"<div data-elementor-type=\"wp-post\" data-elementor-id=\"21582\" class=\"elementor elementor-21582\" data-elementor-post-type=\"page\">\n\t\t\t\t\t\t<section class=\"elementor-section elementor-top-section elementor-element elementor-element-714de6f elementor-section-content-bottom elementor-section-boxed elementor-section-height-default elementor-section-height-default\" data-id=\"714de6f\" data-element_type=\"section\" data-settings=\"{&quot;background_background&quot;:&quot;classic&quot;,&quot;shape_divider_bottom&quot;:&quot;curve&quot;,&quot;shape_divider_bottom_negative&quot;:&quot;yes&quot;}\">\n\t\t\t\t\t\t\t<div class=\"elementor-background-overlay\"><\/div>\n\t\t\t\t\t\t<div class=\"elementor-shape elementor-shape-bottom\" aria-hidden=\"true\" data-negative=\"true\">\n\t\t\t<svg xmlns=\"http:\/\/www.w3.org\/2000\/svg\" viewbox=\"0 0 1000 100\" preserveaspectratio=\"none\">\n\t<path class=\"elementor-shape-fill\" d=\"M500,97C126.7,96.3,0.8,19.8,0,0v100l1000,0V1C1000,19.4,873.3,97.8,500,97z\"\/>\n<\/svg>\t\t<\/div>\n\t\t\t\t\t<div class=\"elementor-container elementor-column-gap-no\">\n\t\t\t\t\t<div class=\"elementor-column elementor-col-100 elementor-top-column elementor-element elementor-element-def800a\" data-id=\"def800a\" data-element_type=\"column\">\n\t\t\t<div class=\"elementor-widget-wrap elementor-element-populated\">\n\t\t\t\t\t\t<div class=\"elementor-element elementor-element-247a80f elementor-widget elementor-widget-heading\" data-id=\"247a80f\" data-element_type=\"widget\" data-widget_type=\"heading.default\">\n\t\t\t\t<div class=\"elementor-widget-container\">\n\t\t\t\t\t<h1 class=\"elementor-heading-title elementor-size-default\">CodeMonkey<br>Case Study:<\/h1>\t\t\t\t<\/div>\n\t\t\t\t<\/div>\n\t\t\t\t<div class=\"elementor-element elementor-element-7655348 elementor-widget elementor-widget-text-editor\" data-id=\"7655348\" data-element_type=\"widget\" data-widget_type=\"text-editor.default\">\n\t\t\t\t<div class=\"elementor-widget-container\">\n\t\t\t\t\t\t\t\t\t<p>The Israeli Coding Olympics<\/p>\t\t\t\t\t\t\t\t<\/div>\n\t\t\t\t<\/div>\n\t\t\t\t\t<\/div>\n\t\t<\/div>\n\t\t\t\t\t<\/div>\n\t\t<\/section>\n\t\t\t\t<section class=\"elementor-section elementor-top-section elementor-element elementor-element-e78def4 elementor-section-content-middle elementor-section-stretched elementor-section-boxed elementor-section-height-default elementor-section-height-default\" data-id=\"e78def4\" data-element_type=\"section\" data-settings=\"{&quot;stretch_section&quot;:&quot;section-stretched&quot;,&quot;background_background&quot;:&quot;classic&quot;}\">\n\t\t\t\t\t\t<div class=\"elementor-container elementor-column-gap-no\">\n\t\t\t\t\t<div class=\"elementor-column elementor-col-100 elementor-top-column elementor-element elementor-element-47ed31d\" data-id=\"47ed31d\" data-element_type=\"column\">\n\t\t\t<div class=\"elementor-widget-wrap elementor-element-populated\">\n\t\t\t\t\t\t<div class=\"elementor-element elementor-element-11b0359 elementor-widget elementor-widget-heading\" data-id=\"11b0359\" data-element_type=\"widget\" data-widget_type=\"heading.default\">\n\t\t\t\t<div class=\"elementor-widget-container\">\n\t\t\t\t\t<h2 class=\"elementor-heading-title elementor-size-default\">C\u00f3mo CodeMonkey logr\u00f3 que m\u00e1s de 250.000 estudiantes israel\u00edes aprendieran a programar<\/h2>\t\t\t\t<\/div>\n\t\t\t\t<\/div>\n\t\t\t\t<div class=\"elementor-element elementor-element-0a73ee3 elementor-widget elementor-widget-text-editor\" data-id=\"0a73ee3\" data-element_type=\"widget\" data-widget_type=\"text-editor.default\">\n\t\t\t\t<div class=\"elementor-widget-container\">\n\t\t\t\t\t\t\t\t\t<p><em>Las Olimpiadas de Programaci\u00f3n de Israel | Israel<br \/><br \/><\/em><\/p><p>In recent years, coding has become an essential skill, just like math, science, or English. However, getting young children to engage with coding can be challenging, which is why CodeMonkey, an award-winning online game, was developed. The game aims to teach children how to write real code through a fun and engaging game.\u00a0<\/p><p>The people behind CodeMonkey understand what it takes to get students engaged and what they all get excited about \u2013 Competition!<\/p>\t\t\t\t\t\t\t\t<\/div>\n\t\t\t\t<\/div>\n\t\t\t\t<div class=\"elementor-element elementor-element-7b115af elementor-widget elementor-widget-testimonial\" data-id=\"7b115af\" data-element_type=\"widget\" data-widget_type=\"testimonial.default\">\n\t\t\t\t<div class=\"elementor-widget-container\">\n\t\t\t\t\t\t\t<div class=\"elementor-testimonial-wrapper\">\n\t\t\t\n\t\t\t\t\t\t<div class=\"elementor-testimonial-meta elementor-has-image elementor-testimonial-image-position-top\">\n\t\t\t\t<div class=\"elementor-testimonial-meta-inner\">\n\t\t\t\t\t\t\t\t\t\t\t<div class=\"elementor-testimonial-image\">\n\t\t\t\t\t\t\t<img decoding=\"async\" width=\"220\" height=\"199\" src=\"https:\/\/d3sujgifhk94se.cloudfront.net\/wp-content\/uploads\/2023\/02\/26122219\/Ofer-Rimon-Picture.png\" class=\"attachment-full size-full wp-image-21588\" alt=\"\" srcset=\"https:\/\/d3sujgifhk94se.cloudfront.net\/wp-content\/uploads\/2023\/02\/26122219\/Ofer-Rimon-Picture.png 220w, https:\/\/d3sujgifhk94se.cloudfront.net\/wp-content\/uploads\/2023\/02\/26122219\/Ofer-Rimon-Picture-13x12.png 13w\" sizes=\"(max-width: 220px) 100vw, 220px\" \/>\t\t\t\t\t\t<\/div>\n\t\t\t\t\t\n\t\t\t\t\t\t\t\t\t<\/div>\n\t\t\t<\/div>\n\t\t\t\t\t<\/div>\n\t\t\t\t\t\t<\/div>\n\t\t\t\t<\/div>\n\t\t\t\t<div class=\"elementor-element elementor-element-ae34d1c elementor-blockquote--skin-quotation elementor-blockquote--align-center elementor-widget elementor-widget-blockquote\" data-id=\"ae34d1c\" data-element_type=\"widget\" data-widget_type=\"blockquote.default\">\n\t\t\t\t<div class=\"elementor-widget-container\">\n\t\t\t\t\t\t\t<blockquote class=\"elementor-blockquote\">\n\t\t\t<p class=\"elementor-blockquote__content\">\n\t\t\t\tThe Israeli Ministry of Education has partnered with CET and CodeMonkey to transform a whole generation of children and support the future of the Israeli technology sector.\t\t\t<\/p>\n\t\t\t\t\t\t\t<div class=\"e-q-footer\">\n\t\t\t\t\t\t\t\t\t\t\t<cite class=\"elementor-blockquote__author\">Ofer Rimon, PhD. <span style=\"font-weight: normal\">Director de Administraci\u00f3n de Ciencia y Tecnolog\u00eda del Ministerio de Educaci\u00f3n<\/span><\/cite>\n\t\t\t\t\t\t\t\t\t\t\t\t\t\t<\/div>\n\t\t\t\t\t<\/blockquote>\n\t\t\t\t\t\t<\/div>\n\t\t\t\t<\/div>\n\t\t\t\t<div class=\"elementor-element elementor-element-0db14d3 elementor-widget elementor-widget-text-editor\" data-id=\"0db14d3\" data-element_type=\"widget\" data-widget_type=\"text-editor.default\">\n\t\t\t\t<div class=\"elementor-widget-container\">\n\t\t\t\t\t\t\t\t\t<p><strong>Launching a nationwide coding competition: The Israeli Coding Olympics.<\/strong><\/p><p>The primary goal of the Israeli Coding Olympics, launched by CodeMonkey in partnership with the Israeli Ministry of Education and CET (The Center for Educational Technology), was to expose young Israeli students to coding. The competition aimed to encourage students to pursue high-school courses in computer science and, in the longer term, support the Israeli technology sector by creating a higher number of professionals.<\/p><p>In the competition, students between the ages 9\u201315 played through the CodeMonkey program, solved challenges, and worked hard to get the highest possible scores. Their goal was to participate in a final mega-event, in which only 100 schools were invited to participate and win prizes for their school. The idea was to make it fun and challenging. CodeMonkey wanted to show how intuitive, self-driven and easy to implement the platform is. It also was made clear that there were minimal requirements for teachers to start teaching coding with CodeMonkey.<br \/><br \/><\/p><p><strong>Creating a friendly competition between schools, not students.<\/strong><\/p><p>Over 250,000 students from over 1,700 schools through all sectors of society participated in the Israeli Coding Olympics. Of these, 100 schools were chosen to send student delegations to compete in the final event, and 400 students attended the final event, with nine delegations winning prizes. The competition received significant media coverage and exposure, leading to the creation of a new coding movement across the nation.<\/p><p>Competition can accelerate learning. It can provide students with the motivation to learn and improve their skills. When students compete against other schools, they are more likely to work harder, practice more, and learn faster to achieve their goals and outperform their competitors. They also feel a sense of unity with their teammates, adding to their self-confidence and encouraging them to progress in their coding education. Competition provides immediate feedback on performance. Regardless of whether they win or lose, students can learn from their mistakes and identify areas where they need to improve. This feedback can help them adjust their approach and accelerate their learning. Competing against others can expose students to new ideas and techniques that they may not have otherwise encountered. This exposure can expand their knowledge and help them learn more quickly. The pressure and stress that comes with competition can be challenging but also beneficial for learning. When students are under pressure to perform, they may be forced to think more critically, make quicker decisions, and learn more efficiently. The most positive benefit more than their new-found love of coding was the comradery and teamwork they realized they need to succeed. A life lesson for any future career.<br \/><br \/><\/p><p><strong>Opening a world of possibilities for a computer science career path.<\/strong><\/p><p>The CodeMonkey Israeli Coding Olympics successfully exposed a significant number of young Israeli students to coding, encouraging them to pursue high-school courses in computer science. By partnering with the Israeli Ministry of Education and CET, CodeMonkey was able to create a nationwide coding competition, transforming a new generation of children and supporting the future of the Israeli technology sector. CodeMonkey has continued to expand globally, introducing coding to students worldwide, and opening a new and exciting world of opportunities for them.<\/p>\t\t\t\t\t\t\t\t<\/div>\n\t\t\t\t<\/div>\n\t\t\t\t<div class=\"elementor-element elementor-element-545396c elementor-widget elementor-widget-text-editor\" data-id=\"545396c\" data-element_type=\"widget\" data-widget_type=\"text-editor.default\">\n\t\t\t\t<div class=\"elementor-widget-container\">\n\t\t\t\t\t\t\t\t\t<p><a href=\"https:\/\/www.codemonkey.com\/case-studies\/\" target=\"_blank\" rel=\"noopener\">&lt; See All Case Studies<\/a><\/p>\t\t\t\t\t\t\t\t<\/div>\n\t\t\t\t<\/div>\n\t\t\t\t<div class=\"elementor-element elementor-element-5f31a1b elementor-skin-carousel elementor-arrows-yes elementor-pagination-type-bullets elementor-pagination-position-outside elementor-widget elementor-widget-media-carousel\" data-id=\"5f31a1b\" data-element_type=\"widget\" data-settings=\"{&quot;skin&quot;:&quot;carousel&quot;,&quot;effect&quot;:&quot;slide&quot;,&quot;show_arrows&quot;:&quot;yes&quot;,&quot;pagination&quot;:&quot;bullets&quot;,&quot;speed&quot;:500,&quot;autoplay&quot;:&quot;yes&quot;,&quot;autoplay_speed&quot;:5000,&quot;loop&quot;:&quot;yes&quot;,&quot;pause_on_hover&quot;:&quot;yes&quot;,&quot;pause_on_interaction&quot;:&quot;yes&quot;,&quot;space_between&quot;:{&quot;unit&quot;:&quot;px&quot;,&quot;size&quot;:10,&quot;sizes&quot;:[]},&quot;space_between_tablet&quot;:{&quot;unit&quot;:&quot;px&quot;,&quot;size&quot;:10,&quot;sizes&quot;:[]},&quot;space_between_mobile&quot;:{&quot;unit&quot;:&quot;px&quot;,&quot;size&quot;:10,&quot;sizes&quot;:[]}}\" data-widget_type=\"media-carousel.default\">\n\t\t\t\t<div class=\"elementor-widget-container\">\n\t\t\t\t\t\t\t\t\t<div class=\"elementor-swiper\">\n\t\t\t\t\t<div class=\"elementor-main-swiper swiper\" role=\"region\" aria-roledescription=\"carousel\" aria-label=\"Slides\">\n\t\t\t\t<div class=\"swiper-wrapper\">\n\t\t\t\t\t\t\t\t\t\t\t<div class=\"swiper-slide\" role=\"group\" aria-roledescription=\"slide\">\n\t\t\t\t\t\t\t\t\t<div class=\"elementor-carousel-image\" role=\"img\" aria-label=\"IMG_2485\" style=\"background-image: url(&#039;https:\/\/d3sujgifhk94se.cloudfront.net\/wp-content\/uploads\/2023\/02\/26123050\/IMG_2485.jpg&#039;)\">\n\n\t\t\t\n\t\t\t\t\t<\/div>\n\t\t\t\t\t\t\t\t<\/div>\n\t\t\t\t\t\t\t\t\t\t\t<div class=\"swiper-slide\" role=\"group\" aria-roledescription=\"slide\">\n\t\t\t\t\t\t\t<a href=\"https:\/\/d3sujgifhk94se.cloudfront.net\/wp-content\/uploads\/2023\/02\/26124107\/youtube-screenshot-1.png\" data-elementor-open-lightbox=\"yes\" data-elementor-lightbox-slideshow=\"5f31a1b\" data-elementor-lightbox-title=\"youtube screenshot\" data-e-action-hash=\"#elementor-action%3Aaction%3Dlightbox%26settings%3DeyJpZCI6MjE2MTAsInVybCI6Imh0dHBzOlwvXC9kM3N1amdpZmhrOTRzZS5jbG91ZGZyb250Lm5ldFwvd3AtY29udGVudFwvdXBsb2Fkc1wvMjAyM1wvMDJcLzI2MTI0MTA3XC95b3V0dWJlLXNjcmVlbnNob3QtMS5wbmciLCJzbGlkZXNob3ciOiI1ZjMxYTFiIn0%3D\" data-elementor-lightbox-video=\"https:\/\/www.youtube.com\/embed\/JYSB7gsw32U?feature=oembed&amp;autoplay=1&amp;rel=0&amp;controls=0\">\t\t<div class=\"elementor-carousel-image\" role=\"img\" aria-label=\"youtube screenshot\" style=\"background-image: url(&#039;https:\/\/d3sujgifhk94se.cloudfront.net\/wp-content\/uploads\/2023\/02\/26124107\/youtube-screenshot-1.png&#039;)\">\n\n\t\t\t\n\t\t\t\t\t\t\t<div class=\"elementor-custom-embed-play\">\n\t\t\t\t\t<svg aria-hidden=\"true\" class=\"e-font-icon-svg e-eicon-play\" viewbox=\"0 0 1000 1000\" xmlns=\"http:\/\/www.w3.org\/2000\/svg\"><path d=\"M838 162C746 71 633 25 500 25 371 25 258 71 163 162 71 254 25 367 25 500 25 633 71 746 163 837 254 929 367 979 500 979 633 979 746 933 838 837 929 746 975 633 975 500 975 367 929 254 838 162M808 192C892 279 933 379 933 500 933 621 892 725 808 808 725 892 621 938 500 938 379 938 279 896 196 808 113 725 67 621 67 500 67 379 108 279 196 192 279 108 383 62 500 62 621 62 721 108 808 192M438 392V642L642 517 438 392Z\"><\/path><\/svg>\t\t\t\t\t<span class=\"elementor-screen-only\">Jugar<\/span>\n\t\t\t\t<\/div>\n\t\t\t\t\t<\/div>\n\t\t<\/a>\t\t\t\t\t\t<\/div>\n\t\t\t\t\t\t\t\t\t\t\t<div class=\"swiper-slide\" role=\"group\" aria-roledescription=\"slide\">\n\t\t\t\t\t\t\t\t\t<div class=\"elementor-carousel-image\" role=\"img\" aria-label=\"IMG_2704\" style=\"background-image: url(&#039;https:\/\/d3sujgifhk94se.cloudfront.net\/wp-content\/uploads\/2023\/02\/26123056\/IMG_2704.jpg&#039;)\">\n\n\t\t\t\n\t\t\t\t\t<\/div>\n\t\t\t\t\t\t\t\t<\/div>\n\t\t\t\t\t\t\t\t\t\t\t<div class=\"swiper-slide\" role=\"group\" aria-roledescription=\"slide\">\n\t\t\t\t\t\t\t\t\t<div class=\"elementor-carousel-image\" role=\"img\" aria-label=\"IMG_2385\" style=\"background-image: url(&#039;https:\/\/d3sujgifhk94se.cloudfront.net\/wp-content\/uploads\/2023\/02\/26123047\/IMG_2385.jpg&#039;)\">\n\n\t\t\t\n\t\t\t\t\t<\/div>\n\t\t\t\t\t\t\t\t<\/div>\n\t\t\t\t\t\t\t\t\t\t\t<div class=\"swiper-slide\" role=\"group\" aria-roledescription=\"slide\">\n\t\t\t\t\t\t\t\t\t<div class=\"elementor-carousel-image\" role=\"img\" aria-label=\"IL Coding Olympics - March 2017 (1)\" style=\"background-image: url(&#039;https:\/\/d3sujgifhk94se.cloudfront.net\/wp-content\/uploads\/2023\/02\/26123045\/IL-Coding-Olympics-March-2017-1.jpg&#039;)\">\n\n\t\t\t\n\t\t\t\t\t<\/div>\n\t\t\t\t\t\t\t\t<\/div>\n\t\t\t\t\t\t\t\t\t\t\t<div class=\"swiper-slide\" role=\"group\" aria-roledescription=\"slide\">\n\t\t\t\t\t\t\t\t\t<div class=\"elementor-carousel-image\" role=\"img\" aria-label=\"WhatsApp Image\" style=\"background-image: url(&#039;https:\/\/d3sujgifhk94se.cloudfront.net\/wp-content\/uploads\/2023\/02\/26122843\/WhatsApp-Image.jpeg&#039;)\">\n\n\t\t\t\n\t\t\t\t\t<\/div>\n\t\t\t\t\t\t\t\t<\/div>\n\t\t\t\t\t\t\t\t\t<\/div>\n\t\t\t\t\t\t\t\t\t\t\t\t\t\t\t<div class=\"elementor-swiper-button elementor-swiper-button-prev\" role=\"button\" tabindex=\"0\" aria-label=\"Anterior\">\n\t\t\t\t\t\t\t<svg aria-hidden=\"true\" class=\"e-font-icon-svg e-eicon-chevron-left\" viewbox=\"0 0 1000 1000\" xmlns=\"http:\/\/www.w3.org\/2000\/svg\"><path d=\"M646 125C629 125 613 133 604 142L308 442C296 454 292 471 292 487 292 504 296 521 308 533L604 854C617 867 629 875 646 875 663 875 679 871 692 858 704 846 713 829 713 812 713 796 708 779 692 767L438 487 692 225C700 217 708 204 708 187 708 171 704 154 692 142 675 129 663 125 646 125Z\"><\/path><\/svg>\t\t\t\t\t\t<\/div>\n\t\t\t\t\t\t<div class=\"elementor-swiper-button elementor-swiper-button-next\" role=\"button\" tabindex=\"0\" aria-label=\"pr\u00f3ximo\">\n\t\t\t\t\t\t\t<svg aria-hidden=\"true\" class=\"e-font-icon-svg e-eicon-chevron-right\" viewbox=\"0 0 1000 1000\" xmlns=\"http:\/\/www.w3.org\/2000\/svg\"><path d=\"M696 533C708 521 713 504 713 487 713 471 708 454 696 446L400 146C388 133 375 125 354 125 338 125 325 129 313 142 300 154 292 171 292 187 292 204 296 221 308 233L563 492 304 771C292 783 288 800 288 817 288 833 296 850 308 863 321 871 338 875 354 875 371 875 388 867 400 854L696 533Z\"><\/path><\/svg>\t\t\t\t\t\t<\/div>\n\t\t\t\t\t\t\t\t\t\t\t\t\t\t\t\t<div class=\"swiper-pagination\"><\/div>\n\t\t\t\t\t\t\t\t\t\t\t\t<\/div>\n\t\t\t\t<\/div>\n\t\t\t\t\t\t\t\t<\/div>\n\t\t\t\t<\/div>\n\t\t\t\t\t<\/div>\n\t\t<\/div>\n\t\t\t\t\t<\/div>\n\t\t<\/section>\n\t\t\t\t<section class=\"elementor-section elementor-top-section elementor-element elementor-element-feea54f elementor-section-content-middle elementor-section-boxed elementor-section-height-default elementor-section-height-default\" data-id=\"feea54f\" data-element_type=\"section\" data-settings=\"{&quot;background_background&quot;:&quot;classic&quot;,&quot;shape_divider_top_negative&quot;:&quot;yes&quot;,&quot;shape_divider_bottom_negative&quot;:&quot;yes&quot;,&quot;shape_divider_top&quot;:&quot;curve&quot;,&quot;shape_divider_bottom&quot;:&quot;curve&quot;}\">\n\t\t\t\t\t<div class=\"elementor-shape elementor-shape-top\" aria-hidden=\"true\" data-negative=\"true\">\n\t\t\t<svg xmlns=\"http:\/\/www.w3.org\/2000\/svg\" viewbox=\"0 0 1000 100\" preserveaspectratio=\"none\">\n\t<path class=\"elementor-shape-fill\" d=\"M500,97C126.7,96.3,0.8,19.8,0,0v100l1000,0V1C1000,19.4,873.3,97.8,500,97z\"\/>\n<\/svg>\t\t<\/div>\n\t\t\t\t<div class=\"elementor-shape elementor-shape-bottom\" aria-hidden=\"true\" data-negative=\"true\">\n\t\t\t<svg xmlns=\"http:\/\/www.w3.org\/2000\/svg\" viewbox=\"0 0 1000 100\" preserveaspectratio=\"none\">\n\t<path class=\"elementor-shape-fill\" d=\"M500,97C126.7,96.3,0.8,19.8,0,0v100l1000,0V1C1000,19.4,873.3,97.8,500,97z\"\/>\n<\/svg>\t\t<\/div>\n\t\t\t\t\t<div class=\"elementor-container elementor-column-gap-default\">\n\t\t\t\t\t<div class=\"elementor-column elementor-col-66 elementor-top-column elementor-element elementor-element-9d18d10\" data-id=\"9d18d10\" data-element_type=\"column\" data-settings=\"{&quot;background_background&quot;:&quot;classic&quot;}\">\n\t\t\t<div class=\"elementor-widget-wrap elementor-element-populated\">\n\t\t\t\t\t\t<div class=\"elementor-element elementor-element-28e13e3 elementor-widget elementor-widget-heading\" data-id=\"28e13e3\" data-element_type=\"widget\" data-widget_type=\"heading.default\">\n\t\t\t\t<div class=\"elementor-widget-container\">\n\t\t\t\t\t<h2 class=\"elementor-heading-title elementor-size-default\">\u00bfTienes alguna experiencia para compartir?<\/h2>\t\t\t\t<\/div>\n\t\t\t\t<\/div>\n\t\t\t\t<div class=\"elementor-element elementor-element-432bb4d elementor-widget elementor-widget-text-editor\" data-id=\"432bb4d\" data-element_type=\"widget\" data-widget_type=\"text-editor.default\">\n\t\t\t\t<div class=\"elementor-widget-container\">\n\t\t\t\t\t\t\t\t\t<p>En CodeMonkey nos gustar\u00eda conocer tu historia y c\u00f3mo la programaci\u00f3n en general, y CodeMonkey en particular, ayudaron a tu organizaci\u00f3n en su conjunto. Nos encantar\u00eda conocer la experiencia de estudiantes, profesores y directivos de escuelas o distritos.&nbsp;<\/p><p><\/p><p>Nos gustar\u00eda compartir estas historias con otras personas para que se sientan inspiradas a llevar el don de la programaci\u00f3n a sus organizaciones. Nos gustar\u00eda demostrar que tanto las organizaciones grandes como las peque\u00f1as tienen su propia historia. \u00a1Hay muchas maneras de educar a las generaciones m\u00e1s j\u00f3venes!<\/p>\t\t\t\t\t\t\t\t<\/div>\n\t\t\t\t<\/div>\n\t\t\t\t\t<\/div>\n\t\t<\/div>\n\t\t\t\t<div class=\"elementor-column elementor-col-33 elementor-top-column elementor-element elementor-element-e5f7c76\" data-id=\"e5f7c76\" data-element_type=\"column\" data-settings=\"{&quot;background_background&quot;:&quot;classic&quot;}\">\n\t\t\t<div class=\"elementor-widget-wrap elementor-element-populated\">\n\t\t\t\t\t\t<div class=\"elementor-element elementor-element-4f4e057 elementor-widget elementor-widget-image\" data-id=\"4f4e057\" data-element_type=\"widget\" data-widget_type=\"image.default\">\n\t\t\t\t<div class=\"elementor-widget-container\">\n\t\t\t\t\t\t\t\t\t\t\t\t\t\t\t<img fetchpriority=\"high\" decoding=\"async\" width=\"525\" height=\"500\" src=\"https:\/\/d3sujgifhk94se.cloudfront.net\/wp-content\/uploads\/2023\/02\/21121134\/monkey_17.png\" class=\"attachment-large size-large wp-image-21310\" alt=\"\" srcset=\"https:\/\/d3sujgifhk94se.cloudfront.net\/wp-content\/uploads\/2023\/02\/21121134\/monkey_17.png 654w, https:\/\/d3sujgifhk94se.cloudfront.net\/wp-content\/uploads\/2023\/02\/21121134\/monkey_17-300x286.png 300w, https:\/\/d3sujgifhk94se.cloudfront.net\/wp-content\/uploads\/2023\/02\/21121134\/monkey_17-13x12.png 13w\" sizes=\"100vw\" \/>\t\t\t\t\t\t\t\t\t\t\t\t\t\t\t<\/div>\n\t\t\t\t<\/div>\n\t\t\t\t<div class=\"elementor-element elementor-element-dd0ef11 elementor-align-center elementor-widget elementor-widget-button\" data-id=\"dd0ef11\" data-element_type=\"widget\" data-widget_type=\"button.default\">\n\t\t\t\t<div class=\"elementor-widget-container\">\n\t\t\t\t\t\t\t\t\t<div class=\"elementor-button-wrapper\">\n\t\t\t\t\t<a class=\"elementor-button elementor-button-link elementor-size-sm elementor-animation-grow\" href=\"https:\/\/docs.google.com\/forms\/d\/e\/1FAIpQLScILg7YWZBzYvoG_LlTWm6IsqByHNiAAYCgWn3kkq7SAns3NA\/viewform?vc=0&#038;c=0&#038;w=1&#038;flr=0\" target=\"_blank\">\n\t\t\t\t\t\t<span class=\"elementor-button-content-wrapper\">\n\t\t\t\t\t\t\t\t\t<span class=\"elementor-button-text\">Cu\u00e9ntanos tu historia<\/span>\n\t\t\t\t\t<\/span>\n\t\t\t\t\t<\/a>\n\t\t\t\t<\/div>\n\t\t\t\t\t\t\t\t<\/div>\n\t\t\t\t<\/div>\n\t\t\t\t\t<\/div>\n\t\t<\/div>\n\t\t\t\t\t<\/div>\n\t\t<\/section>\n\t\t\t\t<section class=\"elementor-section elementor-inner-section elementor-element elementor-element-ccc5808 elementor-section-content-middle elementor-section-boxed elementor-section-height-default elementor-section-height-default\" data-id=\"ccc5808\" data-element_type=\"section\" data-settings=\"{&quot;background_background&quot;:&quot;classic&quot;}\">\n\t\t\t\t\t\t<div class=\"elementor-container elementor-column-gap-no\">\n\t\t\t\t\t<div class=\"elementor-column elementor-col-100 elementor-inner-column elementor-element elementor-element-efd11ee\" data-id=\"efd11ee\" data-element_type=\"column\">\n\t\t\t<div class=\"elementor-widget-wrap elementor-element-populated\">\n\t\t\t\t\t\t<div class=\"elementor-element elementor-element-d289713 elementor-headline--style-highlight elementor-widget elementor-widget-animated-headline\" data-id=\"d289713\" data-element_type=\"widget\" data-settings=\"{&quot;marker&quot;:&quot;underline&quot;,&quot;highlighted_text&quot;:&quot;Free Trial&quot;,&quot;headline_style&quot;:&quot;highlight&quot;,&quot;loop&quot;:&quot;yes&quot;,&quot;highlight_animation_duration&quot;:1200,&quot;highlight_iteration_delay&quot;:8000}\" data-widget_type=\"animated-headline.default\">\n\t\t\t\t<div class=\"elementor-widget-container\">\n\t\t\t\t\t\t\t<h3 class=\"elementor-headline\">\n\t\t\t\t<span class=\"elementor-headline-dynamic-wrapper elementor-headline-text-wrapper\">\n\t\t\t\t\t<span class=\"elementor-headline-dynamic-text elementor-headline-text-active\">Prueba gratis<\/span>\n\t\t\t\t<\/span>\n\t\t\t\t<\/h3>\n\t\t\t\t\t\t<\/div>\n\t\t\t\t<\/div>\n\t\t\t\t<div class=\"elementor-element elementor-element-6366230 elementor-widget elementor-widget-text-editor\" data-id=\"6366230\" data-element_type=\"widget\" data-widget_type=\"text-editor.default\">\n\t\t\t\t<div class=\"elementor-widget-container\">\n\t\t\t\t\t\t\t\t\t<p>CodeMonkey ofrece recursos educativos adecuados para diferentes grados y niveles de experiencia.<\/p>\t\t\t\t\t\t\t\t<\/div>\n\t\t\t\t<\/div>\n\t\t\t\t<div class=\"elementor-element elementor-element-e0c6030 elementor-align-center elementor-widget elementor-widget-button\" data-id=\"e0c6030\" data-element_type=\"widget\" data-widget_type=\"button.default\">\n\t\t\t\t<div class=\"elementor-widget-container\">\n\t\t\t\t\t\t\t\t\t<div class=\"elementor-button-wrapper\">\n\t\t\t\t\t<a class=\"elementor-button elementor-button-link elementor-size-sm elementor-animation-grow\" href=\"https:\/\/app.codemonkey.com\/users\/sign_up?grownup=true\" target=\"_blank\">\n\t\t\t\t\t\t<span class=\"elementor-button-content-wrapper\">\n\t\t\t\t\t\t\t\t\t<span class=\"elementor-button-text\">\u00a1EMPIEZA HOY!<\/span>\n\t\t\t\t\t<\/span>\n\t\t\t\t\t<\/a>\n\t\t\t\t<\/div>\n\t\t\t\t\t\t\t\t<\/div>\n\t\t\t\t<\/div>\n\t\t\t\t\t<\/div>\n\t\t<\/div>\n\t\t\t\t\t<\/div>\n\t\t<\/section>\n\t\t\t\t<\/div>","protected":false},"excerpt":{"rendered":"<p>CodeMonkeyCase Study: The Israeli Coding Olympics How CodeMonkey Got More Than 250,000 Israeli Students to Learn to Code The Israeli Coding Olympics | Israel In &hellip; <\/p>\n<p class=\"link-more\"><a href=\"https:\/\/wps.codemonkey.com\/es\/case-studies\/case-study-israeli-coding-olympics\/\" class=\"more-link\">Continue reading<span class=\"screen-reader-text\"> &#8220;Case Study &#8211; Israeli Coding Olympics&#8221;<\/span><\/a><\/p>","protected":false},"author":69,"featured_media":0,"parent":21071,"menu_order":0,"comment_status":"closed","ping_status":"closed","template":"elementor_header_footer","meta":{"footnotes":""},"class_list":["post-21582","page","type-page","status-publish","hentry"],"_links":{"self":[{"href":"https:\/\/wps.codemonkey.com\/es\/wp-json\/wp\/v2\/pages\/21582","targetHints":{"allow":["GET"]}}],"collection":[{"href":"https:\/\/wps.codemonkey.com\/es\/wp-json\/wp\/v2\/pages"}],"about":[{"href":"https:\/\/wps.codemonkey.com\/es\/wp-json\/wp\/v2\/types\/page"}],"author":[{"embeddable":true,"href":"https:\/\/wps.codemonkey.com\/es\/wp-json\/wp\/v2\/users\/69"}],"replies":[{"embeddable":true,"href":"https:\/\/wps.codemonkey.com\/es\/wp-json\/wp\/v2\/comments?post=21582"}],"version-history":[{"count":28,"href":"https:\/\/wps.codemonkey.com\/es\/wp-json\/wp\/v2\/pages\/21582\/revisions"}],"predecessor-version":[{"id":22303,"href":"https:\/\/wps.codemonkey.com\/es\/wp-json\/wp\/v2\/pages\/21582\/revisions\/22303"}],"up":[{"embeddable":true,"href":"https:\/\/wps.codemonkey.com\/es\/wp-json\/wp\/v2\/pages\/21071"}],"wp:attachment":[{"href":"https:\/\/wps.codemonkey.com\/es\/wp-json\/wp\/v2\/media?parent=21582"}],"curies":[{"name":"wp","href":"https:\/\/api.w.org\/{rel}","templated":true}]}}