{"id":24618,"date":"2024-03-18T14:20:00","date_gmt":"2024-03-18T14:20:00","guid":{"rendered":"https:\/\/www.codemonkey.com\/?page_id=24618"},"modified":"2024-09-24T14:55:20","modified_gmt":"2024-09-24T14:55:20","slug":"case-study-oneschool-global","status":"publish","type":"page","link":"https:\/\/wps.codemonkey.com\/es\/case-studies\/case-study-oneschool-global\/","title":{"rendered":"Case Study &#8211; OneSchool Global"},"content":{"rendered":"<div data-elementor-type=\"wp-post\" data-elementor-id=\"24618\" class=\"elementor elementor-24618\" data-elementor-post-type=\"page\">\n\t\t\t\t\t\t<section class=\"elementor-section elementor-top-section elementor-element elementor-element-714de6f elementor-section-content-bottom elementor-section-boxed elementor-section-height-default elementor-section-height-default\" data-id=\"714de6f\" data-element_type=\"section\" data-settings=\"{&quot;background_background&quot;:&quot;classic&quot;,&quot;shape_divider_bottom&quot;:&quot;curve&quot;,&quot;shape_divider_bottom_negative&quot;:&quot;yes&quot;}\">\n\t\t\t\t\t\t\t<div class=\"elementor-background-overlay\"><\/div>\n\t\t\t\t\t\t<div class=\"elementor-shape elementor-shape-bottom\" aria-hidden=\"true\" data-negative=\"true\">\n\t\t\t<svg xmlns=\"http:\/\/www.w3.org\/2000\/svg\" viewbox=\"0 0 1000 100\" preserveaspectratio=\"none\">\n\t<path class=\"elementor-shape-fill\" d=\"M500,97C126.7,96.3,0.8,19.8,0,0v100l1000,0V1C1000,19.4,873.3,97.8,500,97z\"\/>\n<\/svg>\t\t<\/div>\n\t\t\t\t\t<div class=\"elementor-container elementor-column-gap-no\">\n\t\t\t\t\t<div class=\"elementor-column elementor-col-100 elementor-top-column elementor-element elementor-element-def800a\" data-id=\"def800a\" data-element_type=\"column\">\n\t\t\t<div class=\"elementor-widget-wrap elementor-element-populated\">\n\t\t\t\t\t\t<div class=\"elementor-element elementor-element-247a80f elementor-widget elementor-widget-heading\" data-id=\"247a80f\" data-element_type=\"widget\" data-widget_type=\"heading.default\">\n\t\t\t\t<div class=\"elementor-widget-container\">\n\t\t\t\t\t<h1 class=\"elementor-heading-title elementor-size-default\">CodeMonkey<br>Case Study:<\/h1>\t\t\t\t<\/div>\n\t\t\t\t<\/div>\n\t\t\t\t<div class=\"elementor-element elementor-element-7655348 elementor-widget elementor-widget-text-editor\" data-id=\"7655348\" data-element_type=\"widget\" data-widget_type=\"text-editor.default\">\n\t\t\t\t<div class=\"elementor-widget-container\">\n\t\t\t\t\t\t\t\t\t<p>OneSchool Global North America<\/p>\t\t\t\t\t\t\t\t<\/div>\n\t\t\t\t<\/div>\n\t\t\t\t\t<\/div>\n\t\t<\/div>\n\t\t\t\t\t<\/div>\n\t\t<\/section>\n\t\t\t\t<section class=\"elementor-section elementor-top-section elementor-element elementor-element-e78def4 elementor-section-content-middle elementor-section-stretched elementor-section-boxed elementor-section-height-default elementor-section-height-default\" data-id=\"e78def4\" data-element_type=\"section\" data-settings=\"{&quot;stretch_section&quot;:&quot;section-stretched&quot;,&quot;background_background&quot;:&quot;classic&quot;}\">\n\t\t\t\t\t\t<div class=\"elementor-container elementor-column-gap-no\">\n\t\t\t\t\t<div class=\"elementor-column elementor-col-100 elementor-top-column elementor-element elementor-element-47ed31d\" data-id=\"47ed31d\" data-element_type=\"column\">\n\t\t\t<div class=\"elementor-widget-wrap elementor-element-populated\">\n\t\t\t\t\t\t<div class=\"elementor-element elementor-element-11b0359 elementor-widget elementor-widget-heading\" data-id=\"11b0359\" data-element_type=\"widget\" data-widget_type=\"heading.default\">\n\t\t\t\t<div class=\"elementor-widget-container\">\n\t\t\t\t\t<h2 class=\"elementor-heading-title elementor-size-default\">36 campus ubicados en Canad\u00e1, Estados Unidos y el Caribe, todos ellos utilizando el programa CodeMonkey.<\/h2>\t\t\t\t<\/div>\n\t\t\t\t<\/div>\n\t\t\t\t<div class=\"elementor-element elementor-element-0a73ee3 elementor-widget elementor-widget-text-editor\" data-id=\"0a73ee3\" data-element_type=\"widget\" data-widget_type=\"text-editor.default\">\n\t\t\t\t<div class=\"elementor-widget-container\">\n\t\t\t\t\t\t\t\t\t<p><em>Escuelas en Am\u00e9rica del Norte, Canad\u00e1, Estados Unidos y el Caribe<\/em><\/p><p>OneSchool Global North America, a private school with 36 campuses spread across Canada, the United States, and the Caribbean, embarked on a transformative journey to integrate coding education into its curriculum. Driven by a vision of preparing students for the Digital Age and fostering self-directed learning, the Director of Teaching &amp; Learning proposed the adoption of CodeMonkey in 2017.<\/p><p><span style=\"font-size: 15px;\"><strong>Key Challenges:<\/strong><\/span><\/p>\t\t\t\t\t\t\t\t<\/div>\n\t\t\t\t<\/div>\n\t\t\t\t<div class=\"elementor-element elementor-element-7b115af elementor-widget elementor-widget-testimonial\" data-id=\"7b115af\" data-element_type=\"widget\" data-widget_type=\"testimonial.default\">\n\t\t\t\t<div class=\"elementor-widget-container\">\n\t\t\t\t\t\t\t<div class=\"elementor-testimonial-wrapper\">\n\t\t\t\n\t\t\t\t\t\t<div class=\"elementor-testimonial-meta elementor-has-image elementor-testimonial-image-position-top\">\n\t\t\t\t<div class=\"elementor-testimonial-meta-inner\">\n\t\t\t\t\t\t\t\t\t\t\t<div class=\"elementor-testimonial-image\">\n\t\t\t\t\t\t\t<img fetchpriority=\"high\" decoding=\"async\" width=\"720\" height=\"509\" src=\"https:\/\/d3sujgifhk94se.cloudfront.net\/wp-content\/uploads\/2024\/03\/19120027\/one-school-global-girl-student.png\" class=\"attachment-full size-full wp-image-24710\" alt=\"one school global girl student\" srcset=\"https:\/\/d3sujgifhk94se.cloudfront.net\/wp-content\/uploads\/2024\/03\/19120027\/one-school-global-girl-student.png 720w, https:\/\/d3sujgifhk94se.cloudfront.net\/wp-content\/uploads\/2024\/03\/19120027\/one-school-global-girl-student-300x212.png 300w, https:\/\/d3sujgifhk94se.cloudfront.net\/wp-content\/uploads\/2024\/03\/19120027\/one-school-global-girl-student-18x12.png 18w\" sizes=\"(max-width: 720px) 100vw, 720px\" \/>\t\t\t\t\t\t<\/div>\n\t\t\t\t\t\n\t\t\t\t\t\t\t\t\t<\/div>\n\t\t\t<\/div>\n\t\t\t\t\t<\/div>\n\t\t\t\t\t\t<\/div>\n\t\t\t\t<\/div>\n\t\t\t\t<div class=\"elementor-element elementor-element-ae34d1c elementor-blockquote--skin-quotation elementor-blockquote--align-center elementor-widget elementor-widget-blockquote\" data-id=\"ae34d1c\" data-element_type=\"widget\" data-widget_type=\"blockquote.default\">\n\t\t\t\t<div class=\"elementor-widget-container\">\n\t\t\t\t\t\t\t<blockquote class=\"elementor-blockquote\">\n\t\t\t<p class=\"elementor-blockquote__content\">\n\t\t\t\t\u201cLearning to write programs stretches your mind, and helps you to think better, creates a way of thinking about things that I think is helpful in all domains.\u201d \t\t\t<\/p>\n\t\t\t\t\t\t\t<div class=\"e-q-footer\">\n\t\t\t\t\t\t\t\t\t\t\t<cite class=\"elementor-blockquote__author\">Bill Gates<\/cite>\n\t\t\t\t\t\t\t\t\t\t\t\t\t\t<\/div>\n\t\t\t\t\t<\/blockquote>\n\t\t\t\t\t\t<\/div>\n\t\t\t\t<\/div>\n\t\t\t\t<div class=\"elementor-element elementor-element-0db14d3 elementor-widget elementor-widget-text-editor\" data-id=\"0db14d3\" data-element_type=\"widget\" data-widget_type=\"text-editor.default\">\n\t\t\t\t<div class=\"elementor-widget-container\">\n\t\t\t\t\t\t\t\t\t<p><span style=\"font-size: 15px;\"><strong>Implementation of CodeMonkey:<\/strong><\/span><\/p><p><span id=\"docs-internal-guid-0dc6db5d-7fff-0e06-474c-efc4fbe9d2d5\"><span style=\"font-size: 11.5pt; font-family: Montserrat, sans-serif; color: #6d656a; background-color: transparent; font-variant-numeric: normal; font-variant-east-asian: normal; font-variant-alternates: normal; font-variant-position: normal; vertical-align: baseline; white-space-collapse: preserve;\">Firstly, extensive efforts were dedicated to training staff in coding concepts and communicating the pivotal role of coding skills in the 21st Century.<\/span><\/span><\/p><p><span id=\"docs-internal-guid-34e4e185-7fff-f9b3-0d23-807a958516c8\"><span style=\"font-size: 11.5pt; font-family: Montserrat, sans-serif; color: #6d656a; background-color: transparent; font-variant-numeric: normal; font-variant-east-asian: normal; font-variant-alternates: normal; font-variant-position: normal; vertical-align: baseline; white-space-collapse: preserve;\">Further, the implementation of CodeMonkey was a phased and deliberate process. It commenced with a pilot program targeting Grade 5\/6 students at select campuses. The success of the pilot program led to the expansion of CodeMonkey integration into the Grade 5\/6 curriculum across all campuses in North America and the Caribbean. This strategic approach allowed for thorough assessment of the program\u2019s effectiveness and seamless integration into the educational framework.<\/span><\/span><\/p><p><span style=\"font-size: 15px;\"><strong>Impact on Students and Teachers:<\/strong><\/span><\/p><p><span style=\"font-size: 15px;\">CodeMonkey&#8217;s interactive and gamified platform resonated profoundly with students, fostering engagement and making learning to code enjoyable and accessible. Teachers benefited from the platform&#8217;s comprehensive teacher resources and training modules, which supported them in effectively delivering coding instruction. Beyond acquiring coding proficiency, students developed essential skills such as logical reasoning and perseverance, enhancing their overall learning experience.<\/span><\/p><p><span style=\"font-size: 15px;\"><strong>Achievement of Goals:<\/strong><\/span><\/p><p><span style=\"font-size: 15px;\">The primary goal of introducing CodeMonkey was to promote STEM learning and equip students with digital literacy and problem-solving skills. Through the integration of CodeMonkey into the curriculum,\u00a0<span id=\"docs-internal-guid-911f995a-7fff-cbbc-4d15-d6a962cd72b5\"><span style=\"font-size: 11.5pt; font-family: Montserrat, sans-serif; color: #6d656a; background-color: transparent; font-variant-numeric: normal; font-variant-east-asian: normal; font-variant-alternates: normal; font-variant-position: normal; vertical-align: baseline; white-space-collapse: preserve;\">OneSchool Global North America strongly supported this objective. OneSchool Global North America witnessed<\/span><\/span>\u00a0a notable increase in student enthusiasm for STEM subjects and observed the seamless integration of coding education into various facets of student learning.<\/span><\/p><p><span style=\"font-size: 15px;\"><strong>Conclusion:<\/strong><\/span><\/p><p><span style=\"font-size: 15px;\">CodeMonkey has played an important role in increasing STEM engagement at OneSchool Global North America. The successful integration of coding education into the curriculum underscores the OneSchool\u2019s commitment to preparing students for an increasingly digital world. As the journey continues, CodeMonkey remains a cornerstone in shaping the future-ready skills of students across all campuses.<\/span><\/p>\t\t\t\t\t\t\t\t<\/div>\n\t\t\t\t<\/div>\n\t\t\t\t<div class=\"elementor-element elementor-element-545396c elementor-widget elementor-widget-text-editor\" data-id=\"545396c\" data-element_type=\"widget\" data-widget_type=\"text-editor.default\">\n\t\t\t\t<div class=\"elementor-widget-container\">\n\t\t\t\t\t\t\t\t\t<p><a href=\"https:\/\/www.codemonkey.com\/case-studies\/\" target=\"_blank\" rel=\"noopener\">&lt; See All Case Studies<\/a><\/p>\t\t\t\t\t\t\t\t<\/div>\n\t\t\t\t<\/div>\n\t\t\t\t<div class=\"elementor-element elementor-element-98487f1 elementor-arrows-position-outside elementor-pagination-position-outside elementor-widget elementor-widget-image-carousel\" data-id=\"98487f1\" data-element_type=\"widget\" data-settings=\"{&quot;slides_to_show&quot;:&quot;1&quot;,&quot;navigation&quot;:&quot;both&quot;,&quot;autoplay&quot;:&quot;yes&quot;,&quot;pause_on_hover&quot;:&quot;yes&quot;,&quot;pause_on_interaction&quot;:&quot;yes&quot;,&quot;autoplay_speed&quot;:5000,&quot;infinite&quot;:&quot;yes&quot;,&quot;effect&quot;:&quot;slide&quot;,&quot;speed&quot;:500}\" data-widget_type=\"image-carousel.default\">\n\t\t\t\t<div class=\"elementor-widget-container\">\n\t\t\t\t\t\t\t<div class=\"elementor-image-carousel-wrapper swiper\" role=\"region\" aria-roledescription=\"carousel\" aria-label=\"Image Carousel\" dir=\"ltr\">\n\t\t\t<div class=\"elementor-image-carousel swiper-wrapper\" aria-live=\"off\">\n\t\t\t\t\t\t\t\t<div class=\"swiper-slide\" role=\"group\" aria-roledescription=\"slide\" aria-label=\"1 of 5\"><figure class=\"swiper-slide-inner\"><img decoding=\"async\" class=\"swiper-slide-image\" src=\"https:\/\/d3sujgifhk94se.cloudfront.net\/wp-content\/uploads\/2024\/03\/19123524\/oneschool-global-girls-in-park-768x512.jpg\" alt=\"oneschool global girls in park\" \/><\/figure><\/div><div class=\"swiper-slide\" role=\"group\" aria-roledescription=\"slide\" aria-label=\"2 of 5\"><figure class=\"swiper-slide-inner\"><img decoding=\"async\" class=\"swiper-slide-image\" src=\"https:\/\/d3sujgifhk94se.cloudfront.net\/wp-content\/uploads\/2024\/03\/19124248\/oneschool-global-main-study-hall-768x512.jpg\" alt=\"oneschool global main study hall\" \/><\/figure><\/div><div class=\"swiper-slide\" role=\"group\" aria-roledescription=\"slide\" aria-label=\"3 of 5\"><figure class=\"swiper-slide-inner\"><img decoding=\"async\" class=\"swiper-slide-image\" src=\"https:\/\/d3sujgifhk94se.cloudfront.net\/wp-content\/uploads\/2024\/03\/19124246\/oneschool-global-students-studying-768x512.jpg\" alt=\"oneschool global students studying\" \/><\/figure><\/div><div class=\"swiper-slide\" role=\"group\" aria-roledescription=\"slide\" aria-label=\"4 of 5\"><figure class=\"swiper-slide-inner\"><img decoding=\"async\" class=\"swiper-slide-image\" src=\"https:\/\/d3sujgifhk94se.cloudfront.net\/wp-content\/uploads\/2024\/03\/19130021\/oneschool-global-students-in-a-classroom-768x512.jpg\" alt=\"oneschool global students in a classroom\" \/><\/figure><\/div><div class=\"swiper-slide\" role=\"group\" aria-roledescription=\"slide\" aria-label=\"5 of 5\"><figure class=\"swiper-slide-inner\"><img decoding=\"async\" class=\"swiper-slide-image\" src=\"https:\/\/d3sujgifhk94se.cloudfront.net\/wp-content\/uploads\/2024\/03\/19130019\/oneschool-global-students-studying-together-768x512.jpg\" alt=\"oneschool global students studying together\" \/><\/figure><\/div>\t\t\t<\/div>\n\t\t\t\t\t\t\t\t\t\t\t\t<div class=\"elementor-swiper-button elementor-swiper-button-prev\" role=\"button\" tabindex=\"0\">\n\t\t\t\t\t\t<svg aria-hidden=\"true\" class=\"e-font-icon-svg e-eicon-chevron-left\" viewbox=\"0 0 1000 1000\" xmlns=\"http:\/\/www.w3.org\/2000\/svg\"><path d=\"M646 125C629 125 613 133 604 142L308 442C296 454 292 471 292 487 292 504 296 521 308 533L604 854C617 867 629 875 646 875 663 875 679 871 692 858 704 846 713 829 713 812 713 796 708 779 692 767L438 487 692 225C700 217 708 204 708 187 708 171 704 154 692 142 675 129 663 125 646 125Z\"><\/path><\/svg>\t\t\t\t\t<\/div>\n\t\t\t\t\t<div class=\"elementor-swiper-button elementor-swiper-button-next\" role=\"button\" tabindex=\"0\">\n\t\t\t\t\t\t<svg aria-hidden=\"true\" class=\"e-font-icon-svg e-eicon-chevron-right\" viewbox=\"0 0 1000 1000\" xmlns=\"http:\/\/www.w3.org\/2000\/svg\"><path d=\"M696 533C708 521 713 504 713 487 713 471 708 454 696 446L400 146C388 133 375 125 354 125 338 125 325 129 313 142 300 154 292 171 292 187 292 204 296 221 308 233L563 492 304 771C292 783 288 800 288 817 288 833 296 850 308 863 321 871 338 875 354 875 371 875 388 867 400 854L696 533Z\"><\/path><\/svg>\t\t\t\t\t<\/div>\n\t\t\t\t\n\t\t\t\t\t\t\t\t\t<div class=\"swiper-pagination\"><\/div>\n\t\t\t\t\t\t\t\t\t<\/div>\n\t\t\t\t\t\t<\/div>\n\t\t\t\t<\/div>\n\t\t\t\t\t<\/div>\n\t\t<\/div>\n\t\t\t\t\t<\/div>\n\t\t<\/section>\n\t\t\t\t<section class=\"elementor-section elementor-top-section elementor-element elementor-element-feea54f elementor-section-content-middle elementor-section-boxed elementor-section-height-default elementor-section-height-default\" data-id=\"feea54f\" data-element_type=\"section\" data-settings=\"{&quot;background_background&quot;:&quot;classic&quot;,&quot;shape_divider_top_negative&quot;:&quot;yes&quot;,&quot;shape_divider_bottom_negative&quot;:&quot;yes&quot;,&quot;shape_divider_top&quot;:&quot;curve&quot;,&quot;shape_divider_bottom&quot;:&quot;curve&quot;}\">\n\t\t\t\t\t<div class=\"elementor-shape elementor-shape-top\" aria-hidden=\"true\" data-negative=\"true\">\n\t\t\t<svg xmlns=\"http:\/\/www.w3.org\/2000\/svg\" viewbox=\"0 0 1000 100\" preserveaspectratio=\"none\">\n\t<path class=\"elementor-shape-fill\" d=\"M500,97C126.7,96.3,0.8,19.8,0,0v100l1000,0V1C1000,19.4,873.3,97.8,500,97z\"\/>\n<\/svg>\t\t<\/div>\n\t\t\t\t<div class=\"elementor-shape elementor-shape-bottom\" aria-hidden=\"true\" data-negative=\"true\">\n\t\t\t<svg xmlns=\"http:\/\/www.w3.org\/2000\/svg\" viewbox=\"0 0 1000 100\" preserveaspectratio=\"none\">\n\t<path class=\"elementor-shape-fill\" d=\"M500,97C126.7,96.3,0.8,19.8,0,0v100l1000,0V1C1000,19.4,873.3,97.8,500,97z\"\/>\n<\/svg>\t\t<\/div>\n\t\t\t\t\t<div class=\"elementor-container elementor-column-gap-default\">\n\t\t\t\t\t<div class=\"elementor-column elementor-col-66 elementor-top-column elementor-element elementor-element-9d18d10\" data-id=\"9d18d10\" data-element_type=\"column\" data-settings=\"{&quot;background_background&quot;:&quot;classic&quot;}\">\n\t\t\t<div class=\"elementor-widget-wrap elementor-element-populated\">\n\t\t\t\t\t\t<div class=\"elementor-element elementor-element-28e13e3 elementor-widget elementor-widget-heading\" data-id=\"28e13e3\" data-element_type=\"widget\" data-widget_type=\"heading.default\">\n\t\t\t\t<div class=\"elementor-widget-container\">\n\t\t\t\t\t<h2 class=\"elementor-heading-title elementor-size-default\">\u00bfTienes alguna experiencia para compartir?<\/h2>\t\t\t\t<\/div>\n\t\t\t\t<\/div>\n\t\t\t\t<div class=\"elementor-element elementor-element-432bb4d elementor-widget elementor-widget-text-editor\" data-id=\"432bb4d\" data-element_type=\"widget\" data-widget_type=\"text-editor.default\">\n\t\t\t\t<div class=\"elementor-widget-container\">\n\t\t\t\t\t\t\t\t\t<p>En CodeMonkey nos gustar\u00eda conocer tu historia y c\u00f3mo la programaci\u00f3n en general, y CodeMonkey en particular, ayudaron a tu organizaci\u00f3n en su conjunto. Nos encantar\u00eda conocer la experiencia de estudiantes, profesores y directivos de escuelas o distritos.&nbsp;<\/p><p><\/p><p>Nos gustar\u00eda compartir estas historias con otras personas para que se sientan inspiradas a llevar el don de la programaci\u00f3n a sus organizaciones. Nos gustar\u00eda demostrar que tanto las organizaciones grandes como las peque\u00f1as tienen su propia historia. \u00a1Hay muchas maneras de educar a las generaciones m\u00e1s j\u00f3venes!<\/p>\t\t\t\t\t\t\t\t<\/div>\n\t\t\t\t<\/div>\n\t\t\t\t\t<\/div>\n\t\t<\/div>\n\t\t\t\t<div class=\"elementor-column elementor-col-33 elementor-top-column elementor-element elementor-element-e5f7c76\" data-id=\"e5f7c76\" data-element_type=\"column\" data-settings=\"{&quot;background_background&quot;:&quot;classic&quot;}\">\n\t\t\t<div class=\"elementor-widget-wrap elementor-element-populated\">\n\t\t\t\t\t\t<div class=\"elementor-element elementor-element-4f4e057 elementor-widget elementor-widget-image\" data-id=\"4f4e057\" data-element_type=\"widget\" data-widget_type=\"image.default\">\n\t\t\t\t<div class=\"elementor-widget-container\">\n\t\t\t\t\t\t\t\t\t\t\t\t\t\t\t<img decoding=\"async\" width=\"525\" height=\"500\" src=\"https:\/\/d3sujgifhk94se.cloudfront.net\/wp-content\/uploads\/2023\/02\/21121134\/monkey_17.png\" class=\"attachment-large size-large wp-image-21310\" alt=\"\" srcset=\"https:\/\/d3sujgifhk94se.cloudfront.net\/wp-content\/uploads\/2023\/02\/21121134\/monkey_17.png 654w, https:\/\/d3sujgifhk94se.cloudfront.net\/wp-content\/uploads\/2023\/02\/21121134\/monkey_17-300x286.png 300w, https:\/\/d3sujgifhk94se.cloudfront.net\/wp-content\/uploads\/2023\/02\/21121134\/monkey_17-13x12.png 13w\" sizes=\"100vw\" \/>\t\t\t\t\t\t\t\t\t\t\t\t\t\t\t<\/div>\n\t\t\t\t<\/div>\n\t\t\t\t<div class=\"elementor-element elementor-element-dd0ef11 elementor-align-center elementor-widget elementor-widget-button\" data-id=\"dd0ef11\" data-element_type=\"widget\" data-widget_type=\"button.default\">\n\t\t\t\t<div class=\"elementor-widget-container\">\n\t\t\t\t\t\t\t\t\t<div class=\"elementor-button-wrapper\">\n\t\t\t\t\t<a class=\"elementor-button elementor-button-link elementor-size-sm elementor-animation-grow\" href=\"https:\/\/docs.google.com\/forms\/d\/e\/1FAIpQLScILg7YWZBzYvoG_LlTWm6IsqByHNiAAYCgWn3kkq7SAns3NA\/viewform?vc=0&#038;c=0&#038;w=1&#038;flr=0\" target=\"_blank\">\n\t\t\t\t\t\t<span class=\"elementor-button-content-wrapper\">\n\t\t\t\t\t\t\t\t\t<span class=\"elementor-button-text\">Cu\u00e9ntanos tu historia<\/span>\n\t\t\t\t\t<\/span>\n\t\t\t\t\t<\/a>\n\t\t\t\t<\/div>\n\t\t\t\t\t\t\t\t<\/div>\n\t\t\t\t<\/div>\n\t\t\t\t\t<\/div>\n\t\t<\/div>\n\t\t\t\t\t<\/div>\n\t\t<\/section>\n\t\t\t\t<section class=\"elementor-section elementor-inner-section elementor-element elementor-element-ccc5808 elementor-section-content-middle elementor-section-boxed elementor-section-height-default elementor-section-height-default\" data-id=\"ccc5808\" data-element_type=\"section\" data-settings=\"{&quot;background_background&quot;:&quot;classic&quot;}\">\n\t\t\t\t\t\t<div class=\"elementor-container elementor-column-gap-no\">\n\t\t\t\t\t<div class=\"elementor-column elementor-col-100 elementor-inner-column elementor-element elementor-element-efd11ee\" data-id=\"efd11ee\" data-element_type=\"column\">\n\t\t\t<div class=\"elementor-widget-wrap elementor-element-populated\">\n\t\t\t\t\t\t<div class=\"elementor-element elementor-element-d289713 elementor-headline--style-highlight elementor-widget elementor-widget-animated-headline\" data-id=\"d289713\" data-element_type=\"widget\" data-settings=\"{&quot;marker&quot;:&quot;underline&quot;,&quot;highlighted_text&quot;:&quot;Free Trial&quot;,&quot;headline_style&quot;:&quot;highlight&quot;,&quot;loop&quot;:&quot;yes&quot;,&quot;highlight_animation_duration&quot;:1200,&quot;highlight_iteration_delay&quot;:8000}\" data-widget_type=\"animated-headline.default\">\n\t\t\t\t<div class=\"elementor-widget-container\">\n\t\t\t\t\t\t\t<h3 class=\"elementor-headline\">\n\t\t\t\t<span class=\"elementor-headline-dynamic-wrapper elementor-headline-text-wrapper\">\n\t\t\t\t\t<span class=\"elementor-headline-dynamic-text elementor-headline-text-active\">Prueba gratis<\/span>\n\t\t\t\t<\/span>\n\t\t\t\t<\/h3>\n\t\t\t\t\t\t<\/div>\n\t\t\t\t<\/div>\n\t\t\t\t<div class=\"elementor-element elementor-element-6366230 elementor-widget elementor-widget-text-editor\" data-id=\"6366230\" data-element_type=\"widget\" data-widget_type=\"text-editor.default\">\n\t\t\t\t<div class=\"elementor-widget-container\">\n\t\t\t\t\t\t\t\t\t<p>CodeMonkey ofrece recursos educativos adecuados para diferentes grados y niveles de experiencia.<\/p>\t\t\t\t\t\t\t\t<\/div>\n\t\t\t\t<\/div>\n\t\t\t\t<div class=\"elementor-element elementor-element-e0c6030 elementor-align-center elementor-widget elementor-widget-button\" data-id=\"e0c6030\" data-element_type=\"widget\" data-widget_type=\"button.default\">\n\t\t\t\t<div class=\"elementor-widget-container\">\n\t\t\t\t\t\t\t\t\t<div class=\"elementor-button-wrapper\">\n\t\t\t\t\t<a class=\"elementor-button elementor-button-link elementor-size-sm elementor-animation-grow\" href=\"https:\/\/app.codemonkey.com\/users\/sign_up?grownup=true\" target=\"_blank\">\n\t\t\t\t\t\t<span class=\"elementor-button-content-wrapper\">\n\t\t\t\t\t\t\t\t\t<span class=\"elementor-button-text\">\u00a1EMPIEZA HOY!<\/span>\n\t\t\t\t\t<\/span>\n\t\t\t\t\t<\/a>\n\t\t\t\t<\/div>\n\t\t\t\t\t\t\t\t<\/div>\n\t\t\t\t<\/div>\n\t\t\t\t\t<\/div>\n\t\t<\/div>\n\t\t\t\t\t<\/div>\n\t\t<\/section>\n\t\t\t\t<\/div>","protected":false},"excerpt":{"rendered":"<p>CodeMonkeyCase Study: OneSchool Global North America 36 campuses located across Canada, United States, and the Caribbean \u2013 all of which are utilizing the CodeMonkey program. &hellip; <\/p>\n<p class=\"link-more\"><a href=\"https:\/\/wps.codemonkey.com\/es\/case-studies\/case-study-oneschool-global\/\" class=\"more-link\">Continue reading<span class=\"screen-reader-text\"> &#8220;Case Study &#8211; OneSchool Global&#8221;<\/span><\/a><\/p>","protected":false},"author":69,"featured_media":0,"parent":21071,"menu_order":0,"comment_status":"closed","ping_status":"closed","template":"elementor_header_footer","meta":{"footnotes":""},"class_list":["post-24618","page","type-page","status-publish","hentry"],"_links":{"self":[{"href":"https:\/\/wps.codemonkey.com\/es\/wp-json\/wp\/v2\/pages\/24618","targetHints":{"allow":["GET"]}}],"collection":[{"href":"https:\/\/wps.codemonkey.com\/es\/wp-json\/wp\/v2\/pages"}],"about":[{"href":"https:\/\/wps.codemonkey.com\/es\/wp-json\/wp\/v2\/types\/page"}],"author":[{"embeddable":true,"href":"https:\/\/wps.codemonkey.com\/es\/wp-json\/wp\/v2\/users\/69"}],"replies":[{"embeddable":true,"href":"https:\/\/wps.codemonkey.com\/es\/wp-json\/wp\/v2\/comments?post=24618"}],"version-history":[{"count":49,"href":"https:\/\/wps.codemonkey.com\/es\/wp-json\/wp\/v2\/pages\/24618\/revisions"}],"predecessor-version":[{"id":25450,"href":"https:\/\/wps.codemonkey.com\/es\/wp-json\/wp\/v2\/pages\/24618\/revisions\/25450"}],"up":[{"embeddable":true,"href":"https:\/\/wps.codemonkey.com\/es\/wp-json\/wp\/v2\/pages\/21071"}],"wp:attachment":[{"href":"https:\/\/wps.codemonkey.com\/es\/wp-json\/wp\/v2\/media?parent=24618"}],"curies":[{"name":"wp","href":"https:\/\/api.w.org\/{rel}","templated":true}]}}