{"id":24725,"date":"2024-03-19T13:41:39","date_gmt":"2024-03-19T13:41:39","guid":{"rendered":"https:\/\/www.codemonkey.com\/?page_id=24725"},"modified":"2024-09-24T14:53:34","modified_gmt":"2024-09-24T14:53:34","slug":"case-study-lisd-laredo-independent-school-district","status":"publish","type":"page","link":"https:\/\/wps.codemonkey.com\/es\/case-studies\/case-study-lisd-laredo-independent-school-district\/","title":{"rendered":"Case Study &#8211; (LISD) Laredo Independent School District"},"content":{"rendered":"<div data-elementor-type=\"wp-post\" data-elementor-id=\"24725\" class=\"elementor elementor-24725\" data-elementor-post-type=\"page\">\n\t\t\t\t\t\t<section class=\"elementor-section elementor-top-section elementor-element elementor-element-714de6f elementor-section-content-bottom elementor-section-boxed elementor-section-height-default elementor-section-height-default\" data-id=\"714de6f\" data-element_type=\"section\" data-settings=\"{&quot;background_background&quot;:&quot;classic&quot;,&quot;shape_divider_bottom&quot;:&quot;curve&quot;,&quot;shape_divider_bottom_negative&quot;:&quot;yes&quot;}\">\n\t\t\t\t\t\t\t<div class=\"elementor-background-overlay\"><\/div>\n\t\t\t\t\t\t<div class=\"elementor-shape elementor-shape-bottom\" aria-hidden=\"true\" data-negative=\"true\">\n\t\t\t<svg xmlns=\"http:\/\/www.w3.org\/2000\/svg\" viewbox=\"0 0 1000 100\" preserveaspectratio=\"none\">\n\t<path class=\"elementor-shape-fill\" d=\"M500,97C126.7,96.3,0.8,19.8,0,0v100l1000,0V1C1000,19.4,873.3,97.8,500,97z\"\/>\n<\/svg>\t\t<\/div>\n\t\t\t\t\t<div class=\"elementor-container elementor-column-gap-no\">\n\t\t\t\t\t<div class=\"elementor-column elementor-col-100 elementor-top-column elementor-element elementor-element-def800a\" data-id=\"def800a\" data-element_type=\"column\">\n\t\t\t<div class=\"elementor-widget-wrap elementor-element-populated\">\n\t\t\t\t\t\t<div class=\"elementor-element elementor-element-247a80f elementor-widget elementor-widget-heading\" data-id=\"247a80f\" data-element_type=\"widget\" data-widget_type=\"heading.default\">\n\t\t\t\t<div class=\"elementor-widget-container\">\n\t\t\t\t\t<h1 class=\"elementor-heading-title elementor-size-default\">CodeMonkey<br>Case Study:<\/h1>\t\t\t\t<\/div>\n\t\t\t\t<\/div>\n\t\t\t\t<div class=\"elementor-element elementor-element-7655348 elementor-widget elementor-widget-text-editor\" data-id=\"7655348\" data-element_type=\"widget\" data-widget_type=\"text-editor.default\">\n\t\t\t\t<div class=\"elementor-widget-container\">\n\t\t\t\t\t\t\t\t\t<p>Laredo Independent School District<\/p>\t\t\t\t\t\t\t\t<\/div>\n\t\t\t\t<\/div>\n\t\t\t\t\t<\/div>\n\t\t<\/div>\n\t\t\t\t\t<\/div>\n\t\t<\/section>\n\t\t\t\t<section class=\"elementor-section elementor-top-section elementor-element elementor-element-e78def4 elementor-section-content-middle elementor-section-stretched elementor-section-boxed elementor-section-height-default elementor-section-height-default\" data-id=\"e78def4\" data-element_type=\"section\" data-settings=\"{&quot;stretch_section&quot;:&quot;section-stretched&quot;,&quot;background_background&quot;:&quot;classic&quot;}\">\n\t\t\t\t\t\t<div class=\"elementor-container elementor-column-gap-no\">\n\t\t\t\t\t<div class=\"elementor-column elementor-col-100 elementor-top-column elementor-element elementor-element-47ed31d\" data-id=\"47ed31d\" data-element_type=\"column\">\n\t\t\t<div class=\"elementor-widget-wrap elementor-element-populated\">\n\t\t\t\t\t\t<div class=\"elementor-element elementor-element-11b0359 elementor-widget elementor-widget-heading\" data-id=\"11b0359\" data-element_type=\"widget\" data-widget_type=\"heading.default\">\n\t\t\t\t<div class=\"elementor-widget-container\">\n\t\t\t\t\t<h2 class=\"elementor-heading-title elementor-size-default\">LAREDO INDEPENDENT SCHOOL DISTRICT MAXIMIZED THE IMPACT OF ITS STEAM\/CODING PROGRAM<\/h2>\t\t\t\t<\/div>\n\t\t\t\t<\/div>\n\t\t\t\t<div class=\"elementor-element elementor-element-0a73ee3 elementor-widget elementor-widget-text-editor\" data-id=\"0a73ee3\" data-element_type=\"widget\" data-widget_type=\"text-editor.default\">\n\t\t\t\t<div class=\"elementor-widget-container\">\n\t\t\t\t\t\t\t\t\t<p><em>Laredo Independent School District <\/em><em>\u00a0|\u00a0<\/em><em>Laredo, Tx<br \/><br \/><\/em><span style=\"font-weight: bold;\">About Laredo:<\/span><em><br \/><\/em><\/p><p>In the dynamic landscape of Laredo Independent School District (LISD), a wave of innovation sweeps through the educational terrain, propelled by the promise of digital literacy for all. With a diverse student population exceeding 21,000 across 34 schools, LISD stands as a crucible for exploration, where the seeds of possibility are sown and nurtured.<\/p><p><span style=\"font-size: 15px;\"><strong>Challenges Faced:<\/strong><\/span><\/p><p><span style=\"font-size: 15px;\">The road to educational transformation is fraught with challenges, and LISD&#8217;s journey was no exception. From securing funding to navigating curriculum integration, the path forward was marked by hurdles to overcome. Yet, LISD&#8217;s educators remained undeterred, their commitment to student success unwavering in the face of adversity.<\/span><\/p>\t\t\t\t\t\t\t\t<\/div>\n\t\t\t\t<\/div>\n\t\t\t\t<div class=\"elementor-element elementor-element-ae34d1c elementor-blockquote--skin-quotation elementor-blockquote--align-center elementor-widget elementor-widget-blockquote\" data-id=\"ae34d1c\" data-element_type=\"widget\" data-widget_type=\"blockquote.default\">\n\t\t\t\t<div class=\"elementor-widget-container\">\n\t\t\t\t\t\t\t<blockquote class=\"elementor-blockquote\">\n\t\t\t<p class=\"elementor-blockquote__content\">\n\t\t\t\tLaredo ISD is Leading the Way in Technology through our partnership with CodeMonkey. Our dedicated educators are transforming the learning experiences of our students through innovative teaching practices that are gamified, engaging, and promote computational thinking to drive results!\t\t\t<\/p>\n\t\t\t\t\t\t\t<div class=\"e-q-footer\">\n\t\t\t\t\t\t\t\t\t\t\t<cite class=\"elementor-blockquote__author\">Brenda Sepulveda, Director of Instructional Technology. <\/cite>\n\t\t\t\t\t\t\t\t\t\t\t\t\t\t<\/div>\n\t\t\t\t\t<\/blockquote>\n\t\t\t\t\t\t<\/div>\n\t\t\t\t<\/div>\n\t\t\t\t<div class=\"elementor-element elementor-element-7b115af elementor-widget elementor-widget-testimonial\" data-id=\"7b115af\" data-element_type=\"widget\" data-widget_type=\"testimonial.default\">\n\t\t\t\t<div class=\"elementor-widget-container\">\n\t\t\t\t\t\t\t<div class=\"elementor-testimonial-wrapper\">\n\t\t\t\n\t\t\t\t\t\t<div class=\"elementor-testimonial-meta elementor-has-image elementor-testimonial-image-position-top\">\n\t\t\t\t<div class=\"elementor-testimonial-meta-inner\">\n\t\t\t\t\t\t\t\t\t\t\t<div class=\"elementor-testimonial-image\">\n\t\t\t\t\t\t\t<img fetchpriority=\"high\" decoding=\"async\" width=\"750\" height=\"563\" src=\"https:\/\/d3sujgifhk94se.cloudfront.net\/wp-content\/uploads\/2024\/04\/14070953\/IMG_4906.jpg\" class=\"attachment-full size-full wp-image-25280\" alt=\"LISD students using Codemonkey\" srcset=\"https:\/\/d3sujgifhk94se.cloudfront.net\/wp-content\/uploads\/2024\/04\/14070953\/IMG_4906.jpg 750w, https:\/\/d3sujgifhk94se.cloudfront.net\/wp-content\/uploads\/2024\/04\/14070953\/IMG_4906-300x225.jpg 300w, https:\/\/d3sujgifhk94se.cloudfront.net\/wp-content\/uploads\/2024\/04\/14070953\/IMG_4906-16x12.jpg 16w\" sizes=\"(max-width: 706px) 89vw, (max-width: 767px) 82vw, 740px\" \/>\t\t\t\t\t\t<\/div>\n\t\t\t\t\t\n\t\t\t\t\t\t\t\t\t<\/div>\n\t\t\t<\/div>\n\t\t\t\t\t<\/div>\n\t\t\t\t\t\t<\/div>\n\t\t\t\t<\/div>\n\t\t\t\t<div class=\"elementor-element elementor-element-0db14d3 elementor-widget elementor-widget-text-editor\" data-id=\"0db14d3\" data-element_type=\"widget\" data-widget_type=\"text-editor.default\">\n\t\t\t\t<div class=\"elementor-widget-container\">\n\t\t\t\t\t\t\t\t\t<p><span style=\"font-size: 15px;\"><strong>Implementation of CodeMonkey:<\/strong><\/span><\/p><p>In LISD&#8217;s classrooms, the winds of change began to blow with the introduction of CodeMonkey. Like a compass guiding students through the complexities of coding, CodeMonkey offered a gateway to digital literacy and computational thinking. LISD&#8217;s educators embraced this innovative tool, weaving it into the fabric of their curriculum to provide students with hands-on learning experiences.<\/p><p><span style=\"font-size: 15px;\"><strong>Impact on Students and Teachers:<\/strong><\/span><\/p><p>The ripple effects of CodeMonkey were felt throughout LISD, as students and teachers alike embraced the opportunities for growth and discovery. Through gamified challenges and interactive exercises, students honed their coding skills while developing critical thinking and problem-solving abilities. Teachers, empowered by the resources and support provided by CodeMonkey, witnessed firsthand the transformative impact of integrating coding into their classrooms.<br \/><br \/>We have noticed that all students who work with CodeMonkey develop a strong foundation of coding skills, and are motivated to compete in our district\u2019s annual code-a-thon competition that occurs both at the campus level at the conclusion of the first semester, and then at the district level during our annual student technology expo.<br \/><br \/><span style=\"font-size: 15px;\"><strong>Achievement of Goals:<\/strong><\/span><\/p><p>As LISD charts its course towards educational excellence, the integration of CodeMonkey serves as a beacon of progress. The goal of equipping students with the skills necessary to thrive in an increasingly digital world is within reach, thanks to the dedication and innovation of LISD&#8217;s educators. With each success story and milestone achieved, LISD moves closer to realizing its vision of empowering students to reach their full potential.<br \/><br \/><span style=\"font-size: 15px;\">In LISD, the journey towards digital literacy and computational thinking is a testament to the power of innovation and collaboration. As the district continues to pave the way for student success, the impact of CodeMonkey serves as a reminder of the transformative potential of educational technology in shaping the future of learning.<\/span><\/p>\t\t\t\t\t\t\t\t<\/div>\n\t\t\t\t<\/div>\n\t\t\t\t<div class=\"elementor-element elementor-element-545396c elementor-widget elementor-widget-text-editor\" data-id=\"545396c\" data-element_type=\"widget\" data-widget_type=\"text-editor.default\">\n\t\t\t\t<div class=\"elementor-widget-container\">\n\t\t\t\t\t\t\t\t\t<p><a href=\"https:\/\/www.codemonkey.com\/case-studies\/\" target=\"_blank\" rel=\"noopener\">&lt; See All Case Studies<\/a><\/p>\t\t\t\t\t\t\t\t<\/div>\n\t\t\t\t<\/div>\n\t\t\t\t<div class=\"elementor-element elementor-element-98487f1 elementor-arrows-position-outside elementor-pagination-position-outside elementor-widget elementor-widget-image-carousel\" data-id=\"98487f1\" data-element_type=\"widget\" data-settings=\"{&quot;slides_to_show&quot;:&quot;1&quot;,&quot;navigation&quot;:&quot;both&quot;,&quot;autoplay&quot;:&quot;yes&quot;,&quot;pause_on_hover&quot;:&quot;yes&quot;,&quot;pause_on_interaction&quot;:&quot;yes&quot;,&quot;autoplay_speed&quot;:5000,&quot;infinite&quot;:&quot;yes&quot;,&quot;effect&quot;:&quot;slide&quot;,&quot;speed&quot;:500}\" data-widget_type=\"image-carousel.default\">\n\t\t\t\t<div class=\"elementor-widget-container\">\n\t\t\t\t\t\t\t<div class=\"elementor-image-carousel-wrapper swiper\" role=\"region\" aria-roledescription=\"carousel\" aria-label=\"Image Carousel\" dir=\"ltr\">\n\t\t\t<div class=\"elementor-image-carousel swiper-wrapper\" aria-live=\"off\">\n\t\t\t\t\t\t\t\t<div class=\"swiper-slide\" role=\"group\" aria-roledescription=\"slide\" aria-label=\"1 of 5\"><figure class=\"swiper-slide-inner\"><img decoding=\"async\" class=\"swiper-slide-image\" src=\"https:\/\/d3sujgifhk94se.cloudfront.net\/wp-content\/uploads\/2024\/04\/14073411\/code-monkey-4-768x512.jpg\" alt=\"LISD student using CodeMonkey\" \/><\/figure><\/div><div class=\"swiper-slide\" role=\"group\" aria-roledescription=\"slide\" aria-label=\"2 of 5\"><figure class=\"swiper-slide-inner\"><img decoding=\"async\" class=\"swiper-slide-image\" src=\"https:\/\/d3sujgifhk94se.cloudfront.net\/wp-content\/uploads\/2024\/04\/14073415\/code-monkey-ES-winners-768x512.jpg\" alt=\"CodeMonkey LISD ES winners\" \/><\/figure><\/div><div class=\"swiper-slide\" role=\"group\" aria-roledescription=\"slide\" aria-label=\"3 of 5\"><figure class=\"swiper-slide-inner\"><img decoding=\"async\" class=\"swiper-slide-image\" src=\"https:\/\/d3sujgifhk94se.cloudfront.net\/wp-content\/uploads\/2024\/04\/14073414\/code-monkey-5-768x512.jpg\" alt=\"LISD students using CodeMonkey\" \/><\/figure><\/div><div class=\"swiper-slide\" role=\"group\" aria-roledescription=\"slide\" aria-label=\"4 of 5\"><figure class=\"swiper-slide-inner\"><img decoding=\"async\" class=\"swiper-slide-image\" src=\"https:\/\/d3sujgifhk94se.cloudfront.net\/wp-content\/uploads\/2024\/04\/14073418\/code-a-thone-768x512.jpg\" alt=\"CodeMonkey LISD code a thone\" \/><\/figure><\/div><div class=\"swiper-slide\" role=\"group\" aria-roledescription=\"slide\" aria-label=\"5 of 5\"><figure class=\"swiper-slide-inner\"><img decoding=\"async\" class=\"swiper-slide-image\" src=\"https:\/\/d3sujgifhk94se.cloudfront.net\/wp-content\/uploads\/2024\/04\/14073420\/code-monkey-school-competion-768x512.jpg\" alt=\"codemonkey school competion\" \/><\/figure><\/div>\t\t\t<\/div>\n\t\t\t\t\t\t\t\t\t\t\t\t<div class=\"elementor-swiper-button elementor-swiper-button-prev\" role=\"button\" tabindex=\"0\">\n\t\t\t\t\t\t<svg aria-hidden=\"true\" class=\"e-font-icon-svg e-eicon-chevron-left\" viewbox=\"0 0 1000 1000\" xmlns=\"http:\/\/www.w3.org\/2000\/svg\"><path d=\"M646 125C629 125 613 133 604 142L308 442C296 454 292 471 292 487 292 504 296 521 308 533L604 854C617 867 629 875 646 875 663 875 679 871 692 858 704 846 713 829 713 812 713 796 708 779 692 767L438 487 692 225C700 217 708 204 708 187 708 171 704 154 692 142 675 129 663 125 646 125Z\"><\/path><\/svg>\t\t\t\t\t<\/div>\n\t\t\t\t\t<div class=\"elementor-swiper-button elementor-swiper-button-next\" role=\"button\" tabindex=\"0\">\n\t\t\t\t\t\t<svg aria-hidden=\"true\" class=\"e-font-icon-svg e-eicon-chevron-right\" viewbox=\"0 0 1000 1000\" xmlns=\"http:\/\/www.w3.org\/2000\/svg\"><path d=\"M696 533C708 521 713 504 713 487 713 471 708 454 696 446L400 146C388 133 375 125 354 125 338 125 325 129 313 142 300 154 292 171 292 187 292 204 296 221 308 233L563 492 304 771C292 783 288 800 288 817 288 833 296 850 308 863 321 871 338 875 354 875 371 875 388 867 400 854L696 533Z\"><\/path><\/svg>\t\t\t\t\t<\/div>\n\t\t\t\t\n\t\t\t\t\t\t\t\t\t<div class=\"swiper-pagination\"><\/div>\n\t\t\t\t\t\t\t\t\t<\/div>\n\t\t\t\t\t\t<\/div>\n\t\t\t\t<\/div>\n\t\t\t\t\t<\/div>\n\t\t<\/div>\n\t\t\t\t\t<\/div>\n\t\t<\/section>\n\t\t\t\t<section class=\"elementor-section elementor-top-section elementor-element elementor-element-feea54f elementor-section-content-middle elementor-section-boxed elementor-section-height-default elementor-section-height-default\" data-id=\"feea54f\" data-element_type=\"section\" data-settings=\"{&quot;background_background&quot;:&quot;classic&quot;,&quot;shape_divider_top_negative&quot;:&quot;yes&quot;,&quot;shape_divider_bottom_negative&quot;:&quot;yes&quot;,&quot;shape_divider_top&quot;:&quot;curve&quot;,&quot;shape_divider_bottom&quot;:&quot;curve&quot;}\">\n\t\t\t\t\t<div class=\"elementor-shape elementor-shape-top\" aria-hidden=\"true\" data-negative=\"true\">\n\t\t\t<svg xmlns=\"http:\/\/www.w3.org\/2000\/svg\" viewbox=\"0 0 1000 100\" preserveaspectratio=\"none\">\n\t<path class=\"elementor-shape-fill\" d=\"M500,97C126.7,96.3,0.8,19.8,0,0v100l1000,0V1C1000,19.4,873.3,97.8,500,97z\"\/>\n<\/svg>\t\t<\/div>\n\t\t\t\t<div class=\"elementor-shape elementor-shape-bottom\" aria-hidden=\"true\" data-negative=\"true\">\n\t\t\t<svg xmlns=\"http:\/\/www.w3.org\/2000\/svg\" viewbox=\"0 0 1000 100\" preserveaspectratio=\"none\">\n\t<path class=\"elementor-shape-fill\" d=\"M500,97C126.7,96.3,0.8,19.8,0,0v100l1000,0V1C1000,19.4,873.3,97.8,500,97z\"\/>\n<\/svg>\t\t<\/div>\n\t\t\t\t\t<div class=\"elementor-container elementor-column-gap-default\">\n\t\t\t\t\t<div class=\"elementor-column elementor-col-66 elementor-top-column elementor-element elementor-element-9d18d10\" data-id=\"9d18d10\" data-element_type=\"column\" data-settings=\"{&quot;background_background&quot;:&quot;classic&quot;}\">\n\t\t\t<div class=\"elementor-widget-wrap elementor-element-populated\">\n\t\t\t\t\t\t<div class=\"elementor-element elementor-element-28e13e3 elementor-widget elementor-widget-heading\" data-id=\"28e13e3\" data-element_type=\"widget\" data-widget_type=\"heading.default\">\n\t\t\t\t<div class=\"elementor-widget-container\">\n\t\t\t\t\t<h2 class=\"elementor-heading-title elementor-size-default\">\u00bfTienes alguna experiencia para compartir?<\/h2>\t\t\t\t<\/div>\n\t\t\t\t<\/div>\n\t\t\t\t<div class=\"elementor-element elementor-element-432bb4d elementor-widget elementor-widget-text-editor\" data-id=\"432bb4d\" data-element_type=\"widget\" data-widget_type=\"text-editor.default\">\n\t\t\t\t<div class=\"elementor-widget-container\">\n\t\t\t\t\t\t\t\t\t<p>En CodeMonkey nos gustar\u00eda conocer tu historia y c\u00f3mo la programaci\u00f3n en general, y CodeMonkey en particular, ayudaron a tu organizaci\u00f3n en su conjunto. Nos encantar\u00eda conocer la experiencia de estudiantes, profesores y directivos de escuelas o distritos.&nbsp;<\/p><p><\/p><p>Nos gustar\u00eda compartir estas historias con otras personas para que se sientan inspiradas a llevar el don de la programaci\u00f3n a sus organizaciones. Nos gustar\u00eda demostrar que tanto las organizaciones grandes como las peque\u00f1as tienen su propia historia. \u00a1Hay muchas maneras de educar a las generaciones m\u00e1s j\u00f3venes!<\/p>\t\t\t\t\t\t\t\t<\/div>\n\t\t\t\t<\/div>\n\t\t\t\t\t<\/div>\n\t\t<\/div>\n\t\t\t\t<div class=\"elementor-column elementor-col-33 elementor-top-column elementor-element elementor-element-e5f7c76\" data-id=\"e5f7c76\" data-element_type=\"column\" data-settings=\"{&quot;background_background&quot;:&quot;classic&quot;}\">\n\t\t\t<div class=\"elementor-widget-wrap elementor-element-populated\">\n\t\t\t\t\t\t<div class=\"elementor-element elementor-element-4f4e057 elementor-widget elementor-widget-image\" data-id=\"4f4e057\" data-element_type=\"widget\" data-widget_type=\"image.default\">\n\t\t\t\t<div class=\"elementor-widget-container\">\n\t\t\t\t\t\t\t\t\t\t\t\t\t\t\t<img decoding=\"async\" width=\"525\" height=\"500\" src=\"https:\/\/d3sujgifhk94se.cloudfront.net\/wp-content\/uploads\/2023\/02\/21121134\/monkey_17.png\" class=\"attachment-large size-large wp-image-21310\" alt=\"\" srcset=\"https:\/\/d3sujgifhk94se.cloudfront.net\/wp-content\/uploads\/2023\/02\/21121134\/monkey_17.png 654w, https:\/\/d3sujgifhk94se.cloudfront.net\/wp-content\/uploads\/2023\/02\/21121134\/monkey_17-300x286.png 300w, https:\/\/d3sujgifhk94se.cloudfront.net\/wp-content\/uploads\/2023\/02\/21121134\/monkey_17-13x12.png 13w\" sizes=\"100vw\" \/>\t\t\t\t\t\t\t\t\t\t\t\t\t\t\t<\/div>\n\t\t\t\t<\/div>\n\t\t\t\t<div class=\"elementor-element elementor-element-dd0ef11 elementor-align-center elementor-widget elementor-widget-button\" data-id=\"dd0ef11\" data-element_type=\"widget\" data-widget_type=\"button.default\">\n\t\t\t\t<div class=\"elementor-widget-container\">\n\t\t\t\t\t\t\t\t\t<div class=\"elementor-button-wrapper\">\n\t\t\t\t\t<a class=\"elementor-button elementor-button-link elementor-size-sm elementor-animation-grow\" href=\"https:\/\/docs.google.com\/forms\/d\/e\/1FAIpQLScILg7YWZBzYvoG_LlTWm6IsqByHNiAAYCgWn3kkq7SAns3NA\/viewform?vc=0&#038;c=0&#038;w=1&#038;flr=0\" target=\"_blank\">\n\t\t\t\t\t\t<span class=\"elementor-button-content-wrapper\">\n\t\t\t\t\t\t\t\t\t<span class=\"elementor-button-text\">Cu\u00e9ntanos tu historia<\/span>\n\t\t\t\t\t<\/span>\n\t\t\t\t\t<\/a>\n\t\t\t\t<\/div>\n\t\t\t\t\t\t\t\t<\/div>\n\t\t\t\t<\/div>\n\t\t\t\t\t<\/div>\n\t\t<\/div>\n\t\t\t\t\t<\/div>\n\t\t<\/section>\n\t\t\t\t<section class=\"elementor-section elementor-inner-section elementor-element elementor-element-ccc5808 elementor-section-content-middle elementor-section-boxed elementor-section-height-default elementor-section-height-default\" data-id=\"ccc5808\" data-element_type=\"section\" data-settings=\"{&quot;background_background&quot;:&quot;classic&quot;}\">\n\t\t\t\t\t\t<div class=\"elementor-container elementor-column-gap-no\">\n\t\t\t\t\t<div class=\"elementor-column elementor-col-100 elementor-inner-column elementor-element elementor-element-efd11ee\" data-id=\"efd11ee\" data-element_type=\"column\">\n\t\t\t<div class=\"elementor-widget-wrap elementor-element-populated\">\n\t\t\t\t\t\t<div class=\"elementor-element elementor-element-d289713 elementor-headline--style-highlight elementor-widget elementor-widget-animated-headline\" data-id=\"d289713\" data-element_type=\"widget\" data-settings=\"{&quot;marker&quot;:&quot;underline&quot;,&quot;highlighted_text&quot;:&quot;Free Trial&quot;,&quot;headline_style&quot;:&quot;highlight&quot;,&quot;loop&quot;:&quot;yes&quot;,&quot;highlight_animation_duration&quot;:1200,&quot;highlight_iteration_delay&quot;:8000}\" data-widget_type=\"animated-headline.default\">\n\t\t\t\t<div class=\"elementor-widget-container\">\n\t\t\t\t\t\t\t<h3 class=\"elementor-headline\">\n\t\t\t\t<span class=\"elementor-headline-dynamic-wrapper elementor-headline-text-wrapper\">\n\t\t\t\t\t<span class=\"elementor-headline-dynamic-text elementor-headline-text-active\">Prueba gratis<\/span>\n\t\t\t\t<\/span>\n\t\t\t\t<\/h3>\n\t\t\t\t\t\t<\/div>\n\t\t\t\t<\/div>\n\t\t\t\t<div class=\"elementor-element elementor-element-6366230 elementor-widget elementor-widget-text-editor\" data-id=\"6366230\" data-element_type=\"widget\" data-widget_type=\"text-editor.default\">\n\t\t\t\t<div class=\"elementor-widget-container\">\n\t\t\t\t\t\t\t\t\t<p>CodeMonkey ofrece recursos educativos adecuados para diferentes grados y niveles de experiencia.<\/p>\t\t\t\t\t\t\t\t<\/div>\n\t\t\t\t<\/div>\n\t\t\t\t<div class=\"elementor-element elementor-element-e0c6030 elementor-align-center elementor-widget elementor-widget-button\" data-id=\"e0c6030\" data-element_type=\"widget\" data-widget_type=\"button.default\">\n\t\t\t\t<div class=\"elementor-widget-container\">\n\t\t\t\t\t\t\t\t\t<div class=\"elementor-button-wrapper\">\n\t\t\t\t\t<a class=\"elementor-button elementor-button-link elementor-size-sm elementor-animation-grow\" href=\"https:\/\/app.codemonkey.com\/users\/sign_up?grownup=true\" target=\"_blank\">\n\t\t\t\t\t\t<span class=\"elementor-button-content-wrapper\">\n\t\t\t\t\t\t\t\t\t<span class=\"elementor-button-text\">\u00a1EMPIEZA HOY!<\/span>\n\t\t\t\t\t<\/span>\n\t\t\t\t\t<\/a>\n\t\t\t\t<\/div>\n\t\t\t\t\t\t\t\t<\/div>\n\t\t\t\t<\/div>\n\t\t\t\t\t<\/div>\n\t\t<\/div>\n\t\t\t\t\t<\/div>\n\t\t<\/section>\n\t\t\t\t<\/div>","protected":false},"excerpt":{"rendered":"<p>CodeMonkeyCase Study: Laredo Independent School District LAREDO INDEPENDENT SCHOOL DISTRICT MAXIMIZED THE IMPACT OF ITS STEAM\/CODING PROGRAM Laredo Independent School District \u00a0|\u00a0Laredo, Tx About Laredo: &hellip; <\/p>\n<p class=\"link-more\"><a href=\"https:\/\/wps.codemonkey.com\/es\/case-studies\/case-study-lisd-laredo-independent-school-district\/\" class=\"more-link\">Continue reading<span class=\"screen-reader-text\"> &#8220;Case Study &#8211; (LISD) Laredo Independent School District&#8221;<\/span><\/a><\/p>","protected":false},"author":71,"featured_media":0,"parent":21071,"menu_order":0,"comment_status":"closed","ping_status":"closed","template":"elementor_header_footer","meta":{"footnotes":""},"class_list":["post-24725","page","type-page","status-publish","hentry"],"_links":{"self":[{"href":"https:\/\/wps.codemonkey.com\/es\/wp-json\/wp\/v2\/pages\/24725","targetHints":{"allow":["GET"]}}],"collection":[{"href":"https:\/\/wps.codemonkey.com\/es\/wp-json\/wp\/v2\/pages"}],"about":[{"href":"https:\/\/wps.codemonkey.com\/es\/wp-json\/wp\/v2\/types\/page"}],"author":[{"embeddable":true,"href":"https:\/\/wps.codemonkey.com\/es\/wp-json\/wp\/v2\/users\/71"}],"replies":[{"embeddable":true,"href":"https:\/\/wps.codemonkey.com\/es\/wp-json\/wp\/v2\/comments?post=24725"}],"version-history":[{"count":55,"href":"https:\/\/wps.codemonkey.com\/es\/wp-json\/wp\/v2\/pages\/24725\/revisions"}],"predecessor-version":[{"id":25353,"href":"https:\/\/wps.codemonkey.com\/es\/wp-json\/wp\/v2\/pages\/24725\/revisions\/25353"}],"up":[{"embeddable":true,"href":"https:\/\/wps.codemonkey.com\/es\/wp-json\/wp\/v2\/pages\/21071"}],"wp:attachment":[{"href":"https:\/\/wps.codemonkey.com\/es\/wp-json\/wp\/v2\/media?parent=24725"}],"curies":[{"name":"wp","href":"https:\/\/api.w.org\/{rel}","templated":true}]}}